{"id":20086,"date":"2025-08-20T08:25:23","date_gmt":"2025-08-20T06:25:23","guid":{"rendered":"https:\/\/hello.bimmerle.de\/off-trade\/"},"modified":"2026-03-11T15:28:26","modified_gmt":"2026-03-11T14:28:26","slug":"off-trade","status":"publish","type":"page","link":"https:\/\/hello.bimmerle.de\/en\/off-trade\/","title":{"rendered":"Off Trade"},"content":{"rendered":"<section class=\"l-section wpb_row height_auto full_height valign_center width_custom\" style=\"--site-content-width:1600px;\"><div class=\"l-section-overlay\" style=\"background:#000\"><\/div><div class=\"l-section-h i-cf\"><div class=\"g-cols vc_row via_flex valign_top type_default stacking_default\"><div class=\"vc_col-sm-12 wpb_column vc_column_container\"><div class=\"vc_column-inner\"><div class=\"wpb_wrapper\"><div class=\"w-separator size_medium\"><\/div><div class=\"wpb_text_column us_custom_345c8b9d has_text_color\"><div class=\"wpb_wrapper\"><h1 style=\"text-align: center;\">Off Trade<\/h1>\n<h2 style=\"text-align: center;\"><span style=\"color: var(--color-content-primary);\">National sales force trade<br \/>\n&#8211; nationwide coverage throughout Germany<\/span><\/h2>\n<\/div><\/div><div class=\"w-separator size_small\"><\/div><div class=\"wpb_text_column us_custom_a9694829 has_text_color\"><div class=\"wpb_wrapper\"><div class=\"page\" title=\"Page 8\">\n<div class=\"layoutArea\">\n<div class=\"column\">\n<p style=\"text-align: center;\">Since August 2025, we have had a nationwide presence in retail with our own field sales team &#8211; from the North Sea to the Alps, from small specialist retailers to large retail chains.<\/p>\n<\/div>\n<\/div>\n<\/div>\n<\/div><\/div><div class=\"w-separator size_huge\"><\/div><\/div><\/div><\/div><\/div><\/div><\/section><section class=\"l-section wpb_row us_custom_345c8b9d has_text_color height_medium full_height valign_center with_img\"><div class=\"l-section-img\" role=\"img\" aria-label=\"Image\" data-img-width=\"2560\" data-img-height=\"1919\" style=\"background-image: url(https:\/\/hello.bimmerle.de\/wp-content\/uploads\/2024\/02\/black_forest_bg_2-scaled.webp);\"><\/div><div class=\"l-section-overlay\" style=\"background:linear-gradient(180deg, #000000 0%,rgba(0,0,0,0) 50%,#000000 100%)\"><\/div><div class=\"l-section-h i-cf\"><div class=\"g-cols vc_row via_flex valign_top type_default stacking_default\"><div class=\"vc_col-sm-12 wpb_column vc_column_container\"><div class=\"vc_column-inner\"><div class=\"wpb_wrapper\"><div class=\"wpb_text_column us_custom_345c8b9d has_text_color\"><div class=\"wpb_wrapper\"><h2 style=\"text-align: center;\"><span>Key Facts<\/span><\/h2>\n<\/div><\/div><div class=\"w-separator size_large\"><\/div><div class=\"g-cols wpb_row via_flex valign_top type_default stacking_default\"><div class=\"vc_col-sm-6 wpb_column vc_column_container\"><div class=\"vc_column-inner\"><div class=\"wpb_wrapper\"><div class=\"w-vwrapper align_none valign_middle\" style=\"--vwrapper-gap:4rem\"><div class=\"w-iconbox us_custom_97013f29 key_fact us_animate_this iconpos_top style_default color_primary align_center\"><div class=\"w-iconbox-icon\" style=\"font-size:3rem;\"><i class=\"fas fa-map-pin\"><\/i><\/div><div class=\"w-iconbox-meta\"><h5 class=\"w-iconbox-title\">Current<\/h5><div class=\"w-iconbox-text\"><p><span>11 sales territories, 1 sales manager, 1 key account manager<\/span><\/p>\n<\/div><\/div><\/div><div class=\"w-iconbox us_custom_97013f29 key_fact us_animate_this iconpos_top style_default color_primary align_center\"><div class=\"w-iconbox-icon\" style=\"font-size:3rem;\"><i class=\"fas fa-check\"><\/i><\/div><div class=\"w-iconbox-meta\"><h5 class=\"w-iconbox-title\">Cover<\/h5><div class=\"w-iconbox-text\"><p><span>100 % of the trading regions in Germany<\/span><\/p>\n<\/div><\/div><\/div><\/div><\/div><\/div><\/div><div class=\"vc_col-sm-6 wpb_column vc_column_container\"><div class=\"vc_column-inner\"><div class=\"wpb_wrapper\"><div class=\"w-vwrapper align_none valign_top\" style=\"--vwrapper-gap:4rem\"><div class=\"w-iconbox us_custom_ae668e72 key_fact us_animate_this iconpos_top style_default color_primary align_center\"><div class=\"w-iconbox-icon\" style=\"font-size:3rem;\"><i class=\"fas fa-flag-checkered\"><\/i><\/div><div class=\"w-iconbox-meta\"><h5 class=\"w-iconbox-title\">Goal<\/h5><div class=\"w-iconbox-text\"><p><span>Expansion to 30 areas by 2028<\/span><\/p>\n<\/div><\/div><\/div><div class=\"w-iconbox us_custom_ae668e72 key_fact us_animate_this iconpos_top style_default color_primary align_center\"><div class=\"w-iconbox-icon\" style=\"font-size:3rem;\"><i class=\"fas fa-truck\"><\/i><\/div><div class=\"w-iconbox-meta\"><h5 class=\"w-iconbox-title\">New<\/h5><div class=\"w-iconbox-text\"><p>Flexible route concept &#8211; delivery of <strong>18 bottles to 30 pallets<\/strong><\/p>\n<\/div><\/div><\/div><\/div><\/div><\/div><\/div><\/div><\/div><\/div><\/div><\/div><\/div><\/section><section class=\"l-section wpb_row us_custom_f2691f6c height_large full_height valign_center width_custom\" style=\"--site-content-width:1600px;\"><div class=\"l-section-overlay\" style=\"background:#000000\"><\/div><div class=\"l-section-h i-cf\"><div class=\"g-cols vc_row via_flex valign_middle type_default reversed stacking_default\"><div class=\"vc_col-sm-12 vc_col-lg-6 vc_col-md-12 wpb_column vc_column_container has_bg_color\"><div class=\"vc_column-inner us_custom_30c61a4f\"><div class=\"wpb_wrapper\"><div class=\"wpb_text_column us_custom_cc40dc23 has_text_color\"><div class=\"wpb_wrapper\"><h1><span>Strong brands<br \/>\n<span style=\"color: var(--color-content-primary);\">Strong partners<\/span><\/span><\/h1>\n<\/div><\/div><div class=\"w-separator size_small\"><\/div><div class=\"wpb_text_column us_custom_cc40dc23 has_text_color\"><div class=\"wpb_wrapper\"><h5 id=\"page-1\" class=\"_kqswh2mm _bfhku67f _18u01wug _2hwx1wug\" data-testid=\"page-0\"><span>Our products are available throughout Germany.<\/span><\/h5>\n<\/div><\/div><div class=\"w-separator hide_on_mobiles size_medium\"><\/div><div class=\"w-hwrapper us_custom_e4b4ca35 has_text_color valign_middle wrap default_align_none laptops_align_center tablets_align_center mobiles_align_center\" style=\"--hwrapper-gap:0.7rem\"><div class=\"w-iconbox us_custom_89909d76 iconpos_left style_default color_primary align_left no_text no_title\"><div class=\"w-iconbox-icon\" style=\"font-size:1rem;\"><i class=\"fas fa-check\"><\/i><\/div><div class=\"w-iconbox-meta\"><\/div><\/div><div class=\"w-counter us_custom_17ae5988 color_primary align_left has_font_size\" data-duration=\"2\"><div class=\"w-counter-value\"><span class=\"w-counter-value-part type_text\" data-final=\"\"><\/span><span class=\"w-counter-value-part type_number\" data-final=\"50.000\">1<\/span><span class=\"w-counter-value-part type_text\" data-final=\"+\"><\/span><\/div><\/div><div class=\"wpb_text_column\"><div class=\"wpb_wrapper\"><p><span>Distribution points<\/span><\/p>\n<\/div><\/div><\/div><div class=\"w-hwrapper us_custom_e4b4ca35 has_text_color valign_middle wrap default_align_none laptops_align_center tablets_align_center mobiles_align_center\" style=\"--hwrapper-gap:0.7rem\"><div class=\"w-iconbox us_custom_89909d76 iconpos_left style_default color_primary align_left no_text no_title\"><div class=\"w-iconbox-icon\" style=\"font-size:1rem;\"><i class=\"fas fa-check\"><\/i><\/div><div class=\"w-iconbox-meta\"><\/div><\/div><div class=\"wpb_text_column\"><div class=\"wpb_wrapper\"><p><span>Monthly <\/span><\/p>\n<\/div><\/div><div class=\"w-counter us_custom_17ae5988 color_primary align_left has_font_size\" data-duration=\"2\"><div class=\"w-counter-value\"><span class=\"w-counter-value-part type_text\" data-final=\"\"><\/span><span class=\"w-counter-value-part type_number\" data-final=\"5.000\">1<\/span><span class=\"w-counter-value-part type_text\" data-final=\"+\"><\/span><\/div><\/div><div class=\"wpb_text_column\"><div class=\"wpb_wrapper\"><p><span> Storefinder clicks from end consumers<\/span><\/p>\n<\/div><\/div><\/div><div class=\"w-hwrapper us_custom_e4b4ca35 has_text_color valign_middle wrap default_align_none laptops_align_center tablets_align_center mobiles_align_center\" style=\"--hwrapper-gap:0.7rem\"><div class=\"w-iconbox us_custom_89909d76 iconpos_left style_default color_primary align_left no_text no_title\"><div class=\"w-iconbox-icon\" style=\"font-size:1rem;\"><i class=\"fas fa-check\"><\/i><\/div><div class=\"w-iconbox-meta\"><\/div><\/div><div class=\"wpb_text_column\"><div class=\"wpb_wrapper\"><p><span>Presence in all major retail chains and beverage markets<\/span><\/p>\n<\/div><\/div><\/div><\/div><\/div><\/div><div class=\"vc_col-sm-12 vc_col-lg-6 vc_col-md-12 wpb_column vc_column_container has_bg_color\"><div class=\"vc_column-inner us_custom_d82195d8\"><div class=\"wpb_wrapper\"><div class=\"w-hwrapper valign_top align_center\"><div class=\"w-html\"><video src=\"https:\/\/p696137.mittwaldserver.info\/wp-content\/uploads\/2026\/02\/Distribution-Bimmerle-Marken.mp4\" autoplay=\"\" loop=\"\" muted=\"\" playsinline=\"\" style=\"aspect-ratio: 16 \/ 9; width: 100%; height: auto; display: block;\">\n<\/video>\n<\/div><\/div><\/div><\/div><\/div><\/div><\/div><\/section><section class=\"l-section wpb_row height_auto width_full\"><div class=\"l-section-h i-cf\"><div class=\"g-cols vc_row via_flex valign_top type_default stacking_default\"><div class=\"vc_col-sm-12 wpb_column vc_column_container\"><div class=\"vc_column-inner\"><div class=\"wpb_wrapper\"><section class=\"l-section wpb_row us_custom_79202522 markenbotschafter_squarelovin height_medium\"><div class=\"l-section-overlay\" style=\"background:#000000\"><\/div><div class=\"l-section-h i-cf\"><div class=\"g-cols vc_row via_flex valign_top type_default stacking_default\"><div class=\"vc_col-sm-12 wpb_column vc_column_container\"><div class=\"vc_column-inner\"><div class=\"wpb_wrapper\"><div class=\"wpb_text_column us_custom_0c4dbdce has_text_color\"><div class=\"wpb_wrapper\"><h2><span>KEY ACCOUNT<\/span><\/h2>\n<\/div><\/div><div class=\"w-separator size_medium\"><\/div><div class=\"w-btn-wrapper align_center\"><a class=\"w-btn us-btn-style_1\" href=\"\/key-account\"><span class=\"w-btn-label\">to the KEY ACCOUNT<\/span><\/a><\/div><\/div><\/div><\/div><\/div><\/div><\/section>\n<\/div><\/div><\/div><\/div><\/div><\/section>\n","protected":false},"excerpt":{"rendered":"Off Trade National sales force trade &#8211; nationwide coverage throughout Germany Since August 2025, we have had a nationwide presence in retail with our own field sales team &#8211; from the North Sea to the Alps, from small specialist retailers to large retail chains. Key Facts Current11 sales territories, 1 sales manager, 1 key account...","protected":false},"author":1,"featured_media":0,"parent":0,"menu_order":0,"comment_status":"closed","ping_status":"closed","template":"","meta":{"_acf_changed":false,"footnotes":""},"class_list":["post-20086","page","type-page","status-publish","hentry"],"acf":[],"yoast_head":"<!-- This site is optimized with the Yoast SEO plugin v27.1.1 - https:\/\/yoast.com\/product\/yoast-seo-wordpress\/ -->\n<title>Off Trade - Bimmerle KG<\/title>\n<meta name=\"description\" content=\"Vom klassischen Obstbrand und Fruchtsaftlik\u00f6r der Marke L\u00d6RCH, \u00fcber NEEDLE BLACK FOREST Gin, bis hin zu WOOD STORK Spiced Rum und EVERMANN Whisky: Wir verbinden frische Ideen und Inspirationen aus der ganzen Welt mit der traditionellen Destillationskunst des Schwarzwalds.\" \/>\n<meta name=\"robots\" content=\"noindex, follow, max-snippet:-1, max-image-preview:large, max-video-preview:-1\" \/>\n<meta property=\"og:locale\" content=\"en_US\" \/>\n<meta property=\"og:type\" content=\"article\" \/>\n<meta property=\"og:title\" content=\"Off Trade - Bimmerle KG\" \/>\n<meta property=\"og:description\" content=\"Vom klassischen Obstbrand und Fruchtsaftlik\u00f6r der Marke L\u00d6RCH, \u00fcber NEEDLE BLACK FOREST Gin, bis hin zu WOOD STORK Spiced Rum und EVERMANN Whisky: Wir verbinden frische Ideen und Inspirationen aus der ganzen Welt mit der traditionellen Destillationskunst des Schwarzwalds.\" \/>\n<meta property=\"og:url\" content=\"https:\/\/hello.bimmerle.de\/en\/off-trade\/\" \/>\n<meta property=\"og:site_name\" content=\"Bimmerle KG\" \/>\n<meta property=\"article:modified_time\" content=\"2026-03-11T14:28:26+00:00\" \/>\n<meta property=\"og:image\" content=\"https:\/\/hello.bimmerle.de\/wp-content\/uploads\/2024\/03\/bimmerle_open_graph.webp\" \/>\n\t<meta property=\"og:image:width\" content=\"2518\" \/>\n\t<meta property=\"og:image:height\" content=\"1512\" \/>\n\t<meta property=\"og:image:type\" content=\"image\/webp\" \/>\n<meta name=\"twitter:card\" content=\"summary_large_image\" \/>\n<meta name=\"twitter:label1\" content=\"Est. reading time\" \/>\n\t<meta name=\"twitter:data1\" content=\"9 minutes\" \/>\n<script type=\"application\/ld+json\" class=\"yoast-schema-graph\">{\"@context\":\"https:\/\/schema.org\",\"@graph\":[{\"@type\":\"WebPage\",\"@id\":\"https:\/\/hello.bimmerle.de\/en\/off-trade\/\",\"url\":\"https:\/\/hello.bimmerle.de\/en\/off-trade\/\",\"name\":\"Off Trade - Bimmerle KG\",\"isPartOf\":{\"@id\":\"https:\/\/hello.bimmerle.de\/en\/#website\"},\"datePublished\":\"2025-08-20T06:25:23+00:00\",\"dateModified\":\"2026-03-11T14:28:26+00:00\",\"description\":\"Vom klassischen Obstbrand und Fruchtsaftlik\u00f6r der Marke L\u00d6RCH, \u00fcber NEEDLE BLACK FOREST Gin, bis hin zu WOOD STORK Spiced Rum und EVERMANN Whisky: Wir verbinden frische Ideen und Inspirationen aus der ganzen Welt mit der traditionellen Destillationskunst des Schwarzwalds.\",\"breadcrumb\":{\"@id\":\"https:\/\/hello.bimmerle.de\/en\/off-trade\/#breadcrumb\"},\"inLanguage\":\"en-US\",\"potentialAction\":[{\"@type\":\"ReadAction\",\"target\":[\"https:\/\/hello.bimmerle.de\/en\/off-trade\/\"]}]},{\"@type\":\"BreadcrumbList\",\"@id\":\"https:\/\/hello.bimmerle.de\/en\/off-trade\/#breadcrumb\",\"itemListElement\":[{\"@type\":\"ListItem\",\"position\":1,\"name\":\"Startseite\",\"item\":\"https:\/\/hello.bimmerle.de\/en\/\"},{\"@type\":\"ListItem\",\"position\":2,\"name\":\"Off Trade\"}]},{\"@type\":\"WebSite\",\"@id\":\"https:\/\/hello.bimmerle.de\/en\/#website\",\"url\":\"https:\/\/hello.bimmerle.de\/en\/\",\"name\":\"Bimmerle KG\",\"description\":\"Spirits &amp; Brands\",\"publisher\":{\"@id\":\"https:\/\/hello.bimmerle.de\/en\/#organization\"},\"potentialAction\":[{\"@type\":\"SearchAction\",\"target\":{\"@type\":\"EntryPoint\",\"urlTemplate\":\"https:\/\/hello.bimmerle.de\/en\/?s={search_term_string}\"},\"query-input\":{\"@type\":\"PropertyValueSpecification\",\"valueRequired\":true,\"valueName\":\"search_term_string\"}}],\"inLanguage\":\"en-US\"},{\"@type\":\"Organization\",\"@id\":\"https:\/\/hello.bimmerle.de\/en\/#organization\",\"name\":\"Bimmerle KG\",\"url\":\"https:\/\/hello.bimmerle.de\/en\/\",\"logo\":{\"@type\":\"ImageObject\",\"inLanguage\":\"en-US\",\"@id\":\"https:\/\/hello.bimmerle.de\/en\/#\/schema\/logo\/image\/\",\"url\":\"https:\/\/hello.bimmerle.de\/wp-content\/uploads\/2024\/01\/bimmerle-private-distillery_logo.svg\",\"contentUrl\":\"https:\/\/hello.bimmerle.de\/wp-content\/uploads\/2024\/01\/bimmerle-private-distillery_logo.svg\",\"width\":\"1024\",\"height\":\"1024\",\"caption\":\"Bimmerle KG\"},\"image\":{\"@id\":\"https:\/\/hello.bimmerle.de\/en\/#\/schema\/logo\/image\/\"},\"sameAs\":[\"https:\/\/www.instagram.com\/bimmerle.private.distillery\/\",\"https:\/\/de.linkedin.com\/company\/bimmerle-kg\"]}]}<\/script>\n<!-- \/ Yoast SEO plugin. -->","yoast_head_json":{"title":"Off Trade - Bimmerle KG","description":"Vom klassischen Obstbrand und Fruchtsaftlik\u00f6r der Marke L\u00d6RCH, \u00fcber NEEDLE BLACK FOREST Gin, bis hin zu WOOD STORK Spiced Rum und EVERMANN Whisky: Wir verbinden frische Ideen und Inspirationen aus der ganzen Welt mit der traditionellen Destillationskunst des Schwarzwalds.","robots":{"index":"noindex","follow":"follow","max-snippet":"max-snippet:-1","max-image-preview":"max-image-preview:large","max-video-preview":"max-video-preview:-1"},"og_locale":"en_US","og_type":"article","og_title":"Off Trade - Bimmerle KG","og_description":"Vom klassischen Obstbrand und Fruchtsaftlik\u00f6r der Marke L\u00d6RCH, \u00fcber NEEDLE BLACK FOREST Gin, bis hin zu WOOD STORK Spiced Rum und EVERMANN Whisky: Wir verbinden frische Ideen und Inspirationen aus der ganzen Welt mit der traditionellen Destillationskunst des Schwarzwalds.","og_url":"https:\/\/hello.bimmerle.de\/en\/off-trade\/","og_site_name":"Bimmerle KG","article_modified_time":"2026-03-11T14:28:26+00:00","og_image":[{"width":2518,"height":1512,"url":"https:\/\/hello.bimmerle.de\/wp-content\/uploads\/2024\/03\/bimmerle_open_graph.webp","type":"image\/webp"}],"twitter_card":"summary_large_image","twitter_misc":{"Est. reading time":"9 minutes"},"schema":{"@context":"https:\/\/schema.org","@graph":[{"@type":"WebPage","@id":"https:\/\/hello.bimmerle.de\/en\/off-trade\/","url":"https:\/\/hello.bimmerle.de\/en\/off-trade\/","name":"Off Trade - Bimmerle KG","isPartOf":{"@id":"https:\/\/hello.bimmerle.de\/en\/#website"},"datePublished":"2025-08-20T06:25:23+00:00","dateModified":"2026-03-11T14:28:26+00:00","description":"Vom klassischen Obstbrand und Fruchtsaftlik\u00f6r der Marke L\u00d6RCH, \u00fcber NEEDLE BLACK FOREST Gin, bis hin zu WOOD STORK Spiced Rum und EVERMANN Whisky: Wir verbinden frische Ideen und Inspirationen aus der ganzen Welt mit der traditionellen Destillationskunst des Schwarzwalds.","breadcrumb":{"@id":"https:\/\/hello.bimmerle.de\/en\/off-trade\/#breadcrumb"},"inLanguage":"en-US","potentialAction":[{"@type":"ReadAction","target":["https:\/\/hello.bimmerle.de\/en\/off-trade\/"]}]},{"@type":"BreadcrumbList","@id":"https:\/\/hello.bimmerle.de\/en\/off-trade\/#breadcrumb","itemListElement":[{"@type":"ListItem","position":1,"name":"Startseite","item":"https:\/\/hello.bimmerle.de\/en\/"},{"@type":"ListItem","position":2,"name":"Off Trade"}]},{"@type":"WebSite","@id":"https:\/\/hello.bimmerle.de\/en\/#website","url":"https:\/\/hello.bimmerle.de\/en\/","name":"Bimmerle KG","description":"Spirits &amp; Brands","publisher":{"@id":"https:\/\/hello.bimmerle.de\/en\/#organization"},"potentialAction":[{"@type":"SearchAction","target":{"@type":"EntryPoint","urlTemplate":"https:\/\/hello.bimmerle.de\/en\/?s={search_term_string}"},"query-input":{"@type":"PropertyValueSpecification","valueRequired":true,"valueName":"search_term_string"}}],"inLanguage":"en-US"},{"@type":"Organization","@id":"https:\/\/hello.bimmerle.de\/en\/#organization","name":"Bimmerle KG","url":"https:\/\/hello.bimmerle.de\/en\/","logo":{"@type":"ImageObject","inLanguage":"en-US","@id":"https:\/\/hello.bimmerle.de\/en\/#\/schema\/logo\/image\/","url":"https:\/\/hello.bimmerle.de\/wp-content\/uploads\/2024\/01\/bimmerle-private-distillery_logo.svg","contentUrl":"https:\/\/hello.bimmerle.de\/wp-content\/uploads\/2024\/01\/bimmerle-private-distillery_logo.svg","width":"1024","height":"1024","caption":"Bimmerle KG"},"image":{"@id":"https:\/\/hello.bimmerle.de\/en\/#\/schema\/logo\/image\/"},"sameAs":["https:\/\/www.instagram.com\/bimmerle.private.distillery\/","https:\/\/de.linkedin.com\/company\/bimmerle-kg"]}]}},"_links":{"self":[{"href":"https:\/\/hello.bimmerle.de\/en\/wp-json\/wp\/v2\/pages\/20086","targetHints":{"allow":["GET"]}}],"collection":[{"href":"https:\/\/hello.bimmerle.de\/en\/wp-json\/wp\/v2\/pages"}],"about":[{"href":"https:\/\/hello.bimmerle.de\/en\/wp-json\/wp\/v2\/types\/page"}],"author":[{"embeddable":true,"href":"https:\/\/hello.bimmerle.de\/en\/wp-json\/wp\/v2\/users\/1"}],"replies":[{"embeddable":true,"href":"https:\/\/hello.bimmerle.de\/en\/wp-json\/wp\/v2\/comments?post=20086"}],"version-history":[{"count":5,"href":"https:\/\/hello.bimmerle.de\/en\/wp-json\/wp\/v2\/pages\/20086\/revisions"}],"predecessor-version":[{"id":20383,"href":"https:\/\/hello.bimmerle.de\/en\/wp-json\/wp\/v2\/pages\/20086\/revisions\/20383"}],"wp:attachment":[{"href":"https:\/\/hello.bimmerle.de\/en\/wp-json\/wp\/v2\/media?parent=20086"}],"curies":[{"name":"wp","href":"https:\/\/api.w.org\/{rel}","templated":true}]}}