{"id":20082,"date":"2025-08-20T08:00:38","date_gmt":"2025-08-20T06:00:38","guid":{"rendered":"https:\/\/hello.bimmerle.de\/on-trade\/"},"modified":"2026-03-05T14:33:17","modified_gmt":"2026-03-05T13:33:17","slug":"on-trade","status":"publish","type":"page","link":"https:\/\/hello.bimmerle.de\/en\/on-trade\/","title":{"rendered":"On Trade"},"content":{"rendered":"<section class=\"l-section wpb_row us_custom_345c8b9d has_text_color height_medium full_height valign_center with_img\"><div class=\"l-section-img\" role=\"img\" aria-label=\"Image\" data-img-width=\"2560\" data-img-height=\"1919\" style=\"background-image: url(https:\/\/hello.bimmerle.de\/wp-content\/uploads\/2024\/02\/black_forest_bg_2-scaled.webp);\"><\/div><div class=\"l-section-overlay\" style=\"background:linear-gradient(180deg, #000000 0%,rgba(0,0,0,0) 50%,#000000 100%)\"><\/div><div class=\"l-section-h i-cf\"><div class=\"g-cols vc_row via_flex valign_top type_default stacking_default\"><div class=\"vc_col-sm-12 wpb_column vc_column_container\"><div class=\"vc_column-inner\"><div class=\"wpb_wrapper\"><div class=\"wpb_text_column us_custom_345c8b9d has_text_color\"><div class=\"wpb_wrapper\"><h1 style=\"text-align: center;\">On Trade<\/h1>\n<h2 style=\"color: var(--color-content-primary); text-align: center;\"><span>Gastronomy with structure and passion<\/span><\/h2>\n<\/div><\/div><div class=\"w-separator size_medium\"><\/div><div class=\"g-cols wpb_row us_custom_345c8b9d has_text_color via_flex valign_top type_default stacking_default\"><div class=\"vc_col-sm-6 wpb_column vc_column_container\"><div class=\"vc_column-inner\"><div class=\"wpb_wrapper\"><div class=\"w-vwrapper align_none valign_middle\" style=\"--vwrapper-gap:4rem\"><div class=\"w-iconbox us_custom_97013f29 key_fact us_animate_this iconpos_top style_default color_primary align_center no_text\"><div class=\"w-iconbox-icon\" style=\"font-size:3rem;\"><i class=\"fas fa-chart-line\"><\/i><\/div><div class=\"w-iconbox-meta\"><h5 class=\"w-iconbox-title\">1,000 active gastronomy properties<\/h5><\/div><\/div><div class=\"w-iconbox us_custom_97013f29 key_fact us_animate_this iconpos_top style_default color_primary align_center no_text\"><div class=\"w-iconbox-icon\" style=\"font-size:3rem;\"><i class=\"fas fa-hands-helping\"><\/i><\/div><div class=\"w-iconbox-meta\"><h5 class=\"w-iconbox-title\">Personal support<\/h5><\/div><\/div><\/div><\/div><\/div><\/div><div class=\"vc_col-sm-6 wpb_column vc_column_container\"><div class=\"vc_column-inner\"><div class=\"wpb_wrapper\"><div class=\"w-vwrapper align_none valign_top\" style=\"--vwrapper-gap:4rem\"><div class=\"w-iconbox us_custom_ae668e72 key_fact us_animate_this iconpos_top style_default color_primary align_center no_text\"><div class=\"w-iconbox-icon\" style=\"font-size:3rem;\"><i class=\"fas fa-truck\"><\/i><\/div><div class=\"w-iconbox-meta\"><h5 class=\"w-iconbox-title\">60 Wholesalers<\/h5><\/div><\/div><div class=\"w-iconbox us_custom_ae668e72 key_fact us_animate_this iconpos_top style_default color_primary align_center no_text\"><div class=\"w-iconbox-icon\" style=\"font-size:3rem;\"><i class=\"fas fa-flag-checkered\"><\/i><\/div><div class=\"w-iconbox-meta\"><h5 class=\"w-iconbox-title\">Customized solutions<\/h5><\/div><\/div><\/div><\/div><\/div><\/div><\/div><div class=\"w-separator size_large\"><\/div><\/div><\/div><\/div><\/div><\/div><\/section><section class=\"l-section wpb_row height_huge full_height valign_center width_custom\" style=\"--site-content-width:1600px;\"><div class=\"l-section-overlay\" style=\"background:#000\"><\/div><div class=\"l-section-h i-cf\"><div class=\"g-cols vc_row via_flex valign_top type_default stacking_default\"><div class=\"vc_col-sm-12 wpb_column vc_column_container\"><div class=\"vc_column-inner\"><div class=\"wpb_wrapper\"><div class=\"w-grid us_post_carousel us_custom_345c8b9d has_text_color type_carousel layout_18599 preload_style_spinner items_4 ratio_1x1\" id=\"us_post_list_mcd5\" style=\"--items:4;--gap:1rem;--item-ratio:1;\"><style>.layout_18599 .w-grid-item-h{}.layout_18599 .usg_post_image_1{transition-duration:0.3s;transform-origin:50% 50%;transform:scale(1) translate(0%,0%)}.layout_18599 .w-grid-item-h:focus-within .usg_post_image_1,.layout_18599 .w-grid-item-h:hover .usg_post_image_1{transform:scale(1.1) translate(0%,0%);opacity:1}<\/style><div class=\"w-grid-list owl-carousel valign_stretch dotstyle_circle navstyle_circle arrows-ver-pos_middle arrows-hor-pos_on_sides_outside arrows-disabled_hide owl-responsive-2000 with_dots with_arrows\" style=\"--transition-duration:350ms;--arrows-size:1.5rem;--arrows-gap:10px;\">\t<article class=\"w-grid-item size_1x1 post-20306 attachment type-attachment status-inherit hentry\" data-id=\"20306\">\r\n\t\t<div class=\"w-grid-item-h\">\r\n\t\t\t\t\t\t<div class=\"w-post-elm post_image usg_post_image_1 has_ratio\"><img loading=\"lazy\" decoding=\"async\" width=\"1024\" height=\"683\" src=\"https:\/\/hello.bimmerle.de\/wp-content\/uploads\/2026\/03\/20251007_BIM_BCB_1179-1024x683.jpg\" class=\"attachment-large size-large\" alt=\"\" \/><div style=\"padding-bottom:100%\"><\/div><\/div>\t\t<\/div>\r\n\t\t\t<\/article>\r\n\t<article class=\"w-grid-item size_1x1 post-20307 attachment type-attachment status-inherit hentry\" data-id=\"20307\">\r\n\t\t<div class=\"w-grid-item-h\">\r\n\t\t\t\t\t\t<div class=\"w-post-elm post_image usg_post_image_1 has_ratio\"><img loading=\"lazy\" decoding=\"async\" width=\"1024\" height=\"683\" src=\"https:\/\/hello.bimmerle.de\/wp-content\/uploads\/2026\/03\/20251007_BIM_BCB_1181-1024x683.jpg\" class=\"attachment-large size-large\" alt=\"\" \/><div style=\"padding-bottom:100%\"><\/div><\/div>\t\t<\/div>\r\n\t\t\t<\/article>\r\n\t<article class=\"w-grid-item size_1x1 post-20308 attachment type-attachment status-inherit hentry\" data-id=\"20308\">\r\n\t\t<div class=\"w-grid-item-h\">\r\n\t\t\t\t\t\t<div class=\"w-post-elm post_image usg_post_image_1 has_ratio\"><img loading=\"lazy\" decoding=\"async\" width=\"768\" height=\"1024\" src=\"https:\/\/hello.bimmerle.de\/wp-content\/uploads\/2026\/03\/b2ae0743-9d92-4f54-84a0-1778b810125b-768x1024.jpg\" class=\"attachment-large size-large\" alt=\"\" \/><div style=\"padding-bottom:100%\"><\/div><\/div>\t\t<\/div>\r\n\t\t\t<\/article>\r\n\t<article class=\"w-grid-item size_1x1 post-20309 attachment type-attachment status-inherit hentry\" data-id=\"20309\">\r\n\t\t<div class=\"w-grid-item-h\">\r\n\t\t\t\t\t\t<div class=\"w-post-elm post_image usg_post_image_1 has_ratio\"><img loading=\"lazy\" decoding=\"async\" width=\"768\" height=\"1024\" src=\"https:\/\/hello.bimmerle.de\/wp-content\/uploads\/2026\/03\/bd06ce96-a2c1-4cad-879e-ad92a9ffe536-768x1024.jpg\" class=\"attachment-large size-large\" alt=\"\" \/><div style=\"padding-bottom:100%\"><\/div><\/div>\t\t<\/div>\r\n\t\t\t<\/article>\r\n\t<article class=\"w-grid-item size_1x1 post-20310 attachment type-attachment status-inherit hentry\" data-id=\"20310\">\r\n\t\t<div class=\"w-grid-item-h\">\r\n\t\t\t\t\t\t<div class=\"w-post-elm post_image usg_post_image_1 has_ratio\"><img loading=\"lazy\" decoding=\"async\" width=\"768\" height=\"1024\" src=\"https:\/\/hello.bimmerle.de\/wp-content\/uploads\/2026\/03\/IMG_1763-768x1024.jpeg\" class=\"attachment-large size-large\" alt=\"\" \/><div style=\"padding-bottom:100%\"><\/div><\/div>\t\t<\/div>\r\n\t\t\t<\/article>\r\n\t<article class=\"w-grid-item size_1x1 post-20311 attachment type-attachment status-inherit hentry\" data-id=\"20311\">\r\n\t\t<div class=\"w-grid-item-h\">\r\n\t\t\t\t\t\t<div class=\"w-post-elm post_image usg_post_image_1 has_ratio\"><img loading=\"lazy\" decoding=\"async\" width=\"693\" height=\"1024\" src=\"https:\/\/hello.bimmerle.de\/wp-content\/uploads\/2026\/03\/IMG_1855-693x1024.jpeg\" class=\"attachment-large size-large\" alt=\"\" \/><div style=\"padding-bottom:100%\"><\/div><\/div>\t\t<\/div>\r\n\t\t\t<\/article>\r\n\t<article class=\"w-grid-item size_1x1 post-20312 attachment type-attachment status-inherit hentry\" data-id=\"20312\">\r\n\t\t<div class=\"w-grid-item-h\">\r\n\t\t\t\t\t\t<div class=\"w-post-elm post_image usg_post_image_1 has_ratio\"><img loading=\"lazy\" decoding=\"async\" width=\"768\" height=\"1024\" src=\"https:\/\/hello.bimmerle.de\/wp-content\/uploads\/2026\/03\/IMG_1858-768x1024.jpeg\" class=\"attachment-large size-large\" alt=\"\" \/><div style=\"padding-bottom:100%\"><\/div><\/div>\t\t<\/div>\r\n\t\t\t<\/article>\r\n\t<article class=\"w-grid-item size_1x1 post-20313 attachment type-attachment status-inherit hentry\" data-id=\"20313\">\r\n\t\t<div class=\"w-grid-item-h\">\r\n\t\t\t\t\t\t<div class=\"w-post-elm post_image usg_post_image_1 has_ratio\"><img loading=\"lazy\" decoding=\"async\" width=\"768\" height=\"1024\" src=\"https:\/\/hello.bimmerle.de\/wp-content\/uploads\/2026\/03\/IMG_2290-768x1024.jpeg\" class=\"attachment-large size-large\" alt=\"\" \/><div style=\"padding-bottom:100%\"><\/div><\/div>\t\t<\/div>\r\n\t\t\t<\/article>\r\n\t<article class=\"w-grid-item size_1x1 post-20314 attachment type-attachment status-inherit hentry\" data-id=\"20314\">\r\n\t\t<div class=\"w-grid-item-h\">\r\n\t\t\t\t\t\t<div class=\"w-post-elm post_image usg_post_image_1 has_ratio\"><img loading=\"lazy\" decoding=\"async\" width=\"768\" height=\"1024\" src=\"https:\/\/hello.bimmerle.de\/wp-content\/uploads\/2026\/03\/IMG_2354-768x1024.jpeg\" class=\"attachment-large size-large\" alt=\"\" \/><div style=\"padding-bottom:100%\"><\/div><\/div>\t\t<\/div>\r\n\t\t\t<\/article>\r\n\t<article class=\"w-grid-item size_1x1 post-20315 attachment type-attachment status-inherit hentry\" data-id=\"20315\">\r\n\t\t<div class=\"w-grid-item-h\">\r\n\t\t\t\t\t\t<div class=\"w-post-elm post_image usg_post_image_1 has_ratio\"><img loading=\"lazy\" decoding=\"async\" width=\"768\" height=\"1024\" src=\"https:\/\/hello.bimmerle.de\/wp-content\/uploads\/2026\/03\/IMG_2874-768x1024.jpeg\" class=\"attachment-large size-large\" alt=\"\" \/><div style=\"padding-bottom:100%\"><\/div><\/div>\t\t<\/div>\r\n\t\t\t<\/article>\r\n<\/div><div class=\"w-grid-carousel-json hidden\" onclick='return {&quot;carousel_settings&quot;:{&quot;aria_labels&quot;:{&quot;prev&quot;:&quot;Previous&quot;,&quot;next&quot;:&quot;Next&quot;},&quot;autoplayContinual&quot;:false,&quot;autoplayHoverPause&quot;:false,&quot;autoplayTimeout&quot;:3000,&quot;autoWidth&quot;:false,&quot;smartSpeed&quot;:350,&quot;margin&quot;:0,&quot;mouseDrag&quot;:true,&quot;rtl&quot;:false,&quot;slideBy&quot;:&quot;1&quot;,&quot;touchDrag&quot;:true,&quot;slideTransition&quot;:&quot;&quot;,&quot;responsive&quot;:{&quot;0&quot;:{&quot;autoHeight&quot;:false,&quot;autoplay&quot;:false,&quot;autoWidth&quot;:false,&quot;center&quot;:false,&quot;dots&quot;:false,&quot;items&quot;:1,&quot;loop&quot;:false,&quot;nav&quot;:false,&quot;stagePadding&quot;:0,&quot;slideBy&quot;:&quot;1&quot;},&quot;601&quot;:{&quot;items&quot;:4,&quot;autoplay&quot;:true,&quot;center&quot;:false,&quot;dots&quot;:true,&quot;nav&quot;:true,&quot;autoHeight&quot;:false,&quot;autoWidth&quot;:false,&quot;loop&quot;:true,&quot;stagePadding&quot;:0}}}}'><\/div><\/div><\/div><\/div><\/div><\/div><\/div><\/section>\n","protected":false},"excerpt":{"rendered":"","protected":false},"author":1,"featured_media":0,"parent":0,"menu_order":0,"comment_status":"closed","ping_status":"closed","template":"","meta":{"_acf_changed":false,"footnotes":""},"class_list":["post-20082","page","type-page","status-publish","hentry"],"acf":[],"yoast_head":"<!-- This site is optimized with the Yoast SEO plugin v27.1.1 - https:\/\/yoast.com\/product\/yoast-seo-wordpress\/ -->\n<title>On Trade - Bimmerle KG<\/title>\n<meta name=\"description\" content=\"Vom klassischen Obstbrand und Fruchtsaftlik\u00f6r der Marke L\u00d6RCH, \u00fcber NEEDLE BLACK FOREST Gin, bis hin zu WOOD STORK Spiced Rum und EVERMANN Whisky: Wir verbinden frische Ideen und Inspirationen aus der ganzen Welt mit der traditionellen Destillationskunst des Schwarzwalds.\" \/>\n<meta name=\"robots\" content=\"noindex, follow, max-snippet:-1, max-image-preview:large, max-video-preview:-1\" \/>\n<meta property=\"og:locale\" content=\"en_US\" \/>\n<meta property=\"og:type\" content=\"article\" \/>\n<meta property=\"og:title\" content=\"On Trade - Bimmerle KG\" \/>\n<meta property=\"og:description\" content=\"Vom klassischen Obstbrand und Fruchtsaftlik\u00f6r der Marke L\u00d6RCH, \u00fcber NEEDLE BLACK FOREST Gin, bis hin zu WOOD STORK Spiced Rum und EVERMANN Whisky: Wir verbinden frische Ideen und Inspirationen aus der ganzen Welt mit der traditionellen Destillationskunst des Schwarzwalds.\" \/>\n<meta property=\"og:url\" content=\"https:\/\/hello.bimmerle.de\/en\/on-trade\/\" \/>\n<meta property=\"og:site_name\" content=\"Bimmerle KG\" \/>\n<meta property=\"article:modified_time\" content=\"2026-03-05T13:33:17+00:00\" \/>\n<meta property=\"og:image\" content=\"https:\/\/hello.bimmerle.de\/wp-content\/uploads\/2024\/03\/bimmerle_open_graph.webp\" \/>\n\t<meta property=\"og:image:width\" content=\"2518\" \/>\n\t<meta property=\"og:image:height\" content=\"1512\" \/>\n\t<meta property=\"og:image:type\" content=\"image\/webp\" \/>\n<meta name=\"twitter:card\" content=\"summary_large_image\" \/>\n<meta name=\"twitter:label1\" content=\"Est. reading time\" \/>\n\t<meta name=\"twitter:data1\" content=\"4 minutes\" \/>\n<script type=\"application\/ld+json\" class=\"yoast-schema-graph\">{\"@context\":\"https:\/\/schema.org\",\"@graph\":[{\"@type\":\"WebPage\",\"@id\":\"https:\/\/hello.bimmerle.de\/en\/on-trade\/\",\"url\":\"https:\/\/hello.bimmerle.de\/en\/on-trade\/\",\"name\":\"On Trade - Bimmerle KG\",\"isPartOf\":{\"@id\":\"https:\/\/hello.bimmerle.de\/en\/#website\"},\"datePublished\":\"2025-08-20T06:00:38+00:00\",\"dateModified\":\"2026-03-05T13:33:17+00:00\",\"description\":\"Vom klassischen Obstbrand und Fruchtsaftlik\u00f6r der Marke L\u00d6RCH, \u00fcber NEEDLE BLACK FOREST Gin, bis hin zu WOOD STORK Spiced Rum und EVERMANN Whisky: Wir verbinden frische Ideen und Inspirationen aus der ganzen Welt mit der traditionellen Destillationskunst des Schwarzwalds.\",\"breadcrumb\":{\"@id\":\"https:\/\/hello.bimmerle.de\/en\/on-trade\/#breadcrumb\"},\"inLanguage\":\"en-US\",\"potentialAction\":[{\"@type\":\"ReadAction\",\"target\":[\"https:\/\/hello.bimmerle.de\/en\/on-trade\/\"]}]},{\"@type\":\"BreadcrumbList\",\"@id\":\"https:\/\/hello.bimmerle.de\/en\/on-trade\/#breadcrumb\",\"itemListElement\":[{\"@type\":\"ListItem\",\"position\":1,\"name\":\"Startseite\",\"item\":\"https:\/\/hello.bimmerle.de\/en\/\"},{\"@type\":\"ListItem\",\"position\":2,\"name\":\"On Trade\"}]},{\"@type\":\"WebSite\",\"@id\":\"https:\/\/hello.bimmerle.de\/en\/#website\",\"url\":\"https:\/\/hello.bimmerle.de\/en\/\",\"name\":\"Bimmerle KG\",\"description\":\"Spirits &amp; Brands\",\"publisher\":{\"@id\":\"https:\/\/hello.bimmerle.de\/en\/#organization\"},\"potentialAction\":[{\"@type\":\"SearchAction\",\"target\":{\"@type\":\"EntryPoint\",\"urlTemplate\":\"https:\/\/hello.bimmerle.de\/en\/?s={search_term_string}\"},\"query-input\":{\"@type\":\"PropertyValueSpecification\",\"valueRequired\":true,\"valueName\":\"search_term_string\"}}],\"inLanguage\":\"en-US\"},{\"@type\":\"Organization\",\"@id\":\"https:\/\/hello.bimmerle.de\/en\/#organization\",\"name\":\"Bimmerle KG\",\"url\":\"https:\/\/hello.bimmerle.de\/en\/\",\"logo\":{\"@type\":\"ImageObject\",\"inLanguage\":\"en-US\",\"@id\":\"https:\/\/hello.bimmerle.de\/en\/#\/schema\/logo\/image\/\",\"url\":\"https:\/\/hello.bimmerle.de\/wp-content\/uploads\/2024\/01\/bimmerle-private-distillery_logo.svg\",\"contentUrl\":\"https:\/\/hello.bimmerle.de\/wp-content\/uploads\/2024\/01\/bimmerle-private-distillery_logo.svg\",\"width\":\"1024\",\"height\":\"1024\",\"caption\":\"Bimmerle KG\"},\"image\":{\"@id\":\"https:\/\/hello.bimmerle.de\/en\/#\/schema\/logo\/image\/\"},\"sameAs\":[\"https:\/\/www.instagram.com\/bimmerle.private.distillery\/\",\"https:\/\/de.linkedin.com\/company\/bimmerle-kg\"]}]}<\/script>\n<!-- \/ Yoast SEO plugin. -->","yoast_head_json":{"title":"On Trade - Bimmerle KG","description":"Vom klassischen Obstbrand und Fruchtsaftlik\u00f6r der Marke L\u00d6RCH, \u00fcber NEEDLE BLACK FOREST Gin, bis hin zu WOOD STORK Spiced Rum und EVERMANN Whisky: Wir verbinden frische Ideen und Inspirationen aus der ganzen Welt mit der traditionellen Destillationskunst des Schwarzwalds.","robots":{"index":"noindex","follow":"follow","max-snippet":"max-snippet:-1","max-image-preview":"max-image-preview:large","max-video-preview":"max-video-preview:-1"},"og_locale":"en_US","og_type":"article","og_title":"On Trade - Bimmerle KG","og_description":"Vom klassischen Obstbrand und Fruchtsaftlik\u00f6r der Marke L\u00d6RCH, \u00fcber NEEDLE BLACK FOREST Gin, bis hin zu WOOD STORK Spiced Rum und EVERMANN Whisky: Wir verbinden frische Ideen und Inspirationen aus der ganzen Welt mit der traditionellen Destillationskunst des Schwarzwalds.","og_url":"https:\/\/hello.bimmerle.de\/en\/on-trade\/","og_site_name":"Bimmerle KG","article_modified_time":"2026-03-05T13:33:17+00:00","og_image":[{"width":2518,"height":1512,"url":"https:\/\/hello.bimmerle.de\/wp-content\/uploads\/2024\/03\/bimmerle_open_graph.webp","type":"image\/webp"}],"twitter_card":"summary_large_image","twitter_misc":{"Est. reading time":"4 minutes"},"schema":{"@context":"https:\/\/schema.org","@graph":[{"@type":"WebPage","@id":"https:\/\/hello.bimmerle.de\/en\/on-trade\/","url":"https:\/\/hello.bimmerle.de\/en\/on-trade\/","name":"On Trade - Bimmerle KG","isPartOf":{"@id":"https:\/\/hello.bimmerle.de\/en\/#website"},"datePublished":"2025-08-20T06:00:38+00:00","dateModified":"2026-03-05T13:33:17+00:00","description":"Vom klassischen Obstbrand und Fruchtsaftlik\u00f6r der Marke L\u00d6RCH, \u00fcber NEEDLE BLACK FOREST Gin, bis hin zu WOOD STORK Spiced Rum und EVERMANN Whisky: Wir verbinden frische Ideen und Inspirationen aus der ganzen Welt mit der traditionellen Destillationskunst des Schwarzwalds.","breadcrumb":{"@id":"https:\/\/hello.bimmerle.de\/en\/on-trade\/#breadcrumb"},"inLanguage":"en-US","potentialAction":[{"@type":"ReadAction","target":["https:\/\/hello.bimmerle.de\/en\/on-trade\/"]}]},{"@type":"BreadcrumbList","@id":"https:\/\/hello.bimmerle.de\/en\/on-trade\/#breadcrumb","itemListElement":[{"@type":"ListItem","position":1,"name":"Startseite","item":"https:\/\/hello.bimmerle.de\/en\/"},{"@type":"ListItem","position":2,"name":"On Trade"}]},{"@type":"WebSite","@id":"https:\/\/hello.bimmerle.de\/en\/#website","url":"https:\/\/hello.bimmerle.de\/en\/","name":"Bimmerle KG","description":"Spirits &amp; Brands","publisher":{"@id":"https:\/\/hello.bimmerle.de\/en\/#organization"},"potentialAction":[{"@type":"SearchAction","target":{"@type":"EntryPoint","urlTemplate":"https:\/\/hello.bimmerle.de\/en\/?s={search_term_string}"},"query-input":{"@type":"PropertyValueSpecification","valueRequired":true,"valueName":"search_term_string"}}],"inLanguage":"en-US"},{"@type":"Organization","@id":"https:\/\/hello.bimmerle.de\/en\/#organization","name":"Bimmerle KG","url":"https:\/\/hello.bimmerle.de\/en\/","logo":{"@type":"ImageObject","inLanguage":"en-US","@id":"https:\/\/hello.bimmerle.de\/en\/#\/schema\/logo\/image\/","url":"https:\/\/hello.bimmerle.de\/wp-content\/uploads\/2024\/01\/bimmerle-private-distillery_logo.svg","contentUrl":"https:\/\/hello.bimmerle.de\/wp-content\/uploads\/2024\/01\/bimmerle-private-distillery_logo.svg","width":"1024","height":"1024","caption":"Bimmerle KG"},"image":{"@id":"https:\/\/hello.bimmerle.de\/en\/#\/schema\/logo\/image\/"},"sameAs":["https:\/\/www.instagram.com\/bimmerle.private.distillery\/","https:\/\/de.linkedin.com\/company\/bimmerle-kg"]}]}},"_links":{"self":[{"href":"https:\/\/hello.bimmerle.de\/en\/wp-json\/wp\/v2\/pages\/20082","targetHints":{"allow":["GET"]}}],"collection":[{"href":"https:\/\/hello.bimmerle.de\/en\/wp-json\/wp\/v2\/pages"}],"about":[{"href":"https:\/\/hello.bimmerle.de\/en\/wp-json\/wp\/v2\/types\/page"}],"author":[{"embeddable":true,"href":"https:\/\/hello.bimmerle.de\/en\/wp-json\/wp\/v2\/users\/1"}],"replies":[{"embeddable":true,"href":"https:\/\/hello.bimmerle.de\/en\/wp-json\/wp\/v2\/comments?post=20082"}],"version-history":[{"count":4,"href":"https:\/\/hello.bimmerle.de\/en\/wp-json\/wp\/v2\/pages\/20082\/revisions"}],"predecessor-version":[{"id":20331,"href":"https:\/\/hello.bimmerle.de\/en\/wp-json\/wp\/v2\/pages\/20082\/revisions\/20331"}],"wp:attachment":[{"href":"https:\/\/hello.bimmerle.de\/en\/wp-json\/wp\/v2\/media?parent=20082"}],"curies":[{"name":"wp","href":"https:\/\/api.w.org\/{rel}","templated":true}]}}