{"id":20005,"date":"2025-08-19T08:53:25","date_gmt":"2025-08-19T06:53:25","guid":{"rendered":"https:\/\/hello.bimmerle.de\/solos\/"},"modified":"2026-03-10T09:21:28","modified_gmt":"2026-03-10T08:21:28","slug":"solos","status":"publish","type":"page","link":"https:\/\/hello.bimmerle.de\/en\/solos\/","title":{"rendered":"Solos"},"content":{"rendered":"<section class=\"l-section wpb_row height_auto full_height valign_center width_custom\" style=\"--site-content-width:1600px;\"><div class=\"l-section-overlay\" style=\"background:#000\"><\/div><div class=\"l-section-h i-cf\"><div class=\"g-cols vc_row via_flex valign_top type_default stacking_default\"><div class=\"vc_col-sm-12 wpb_column vc_column_container\"><div class=\"vc_column-inner\"><div class=\"wpb_wrapper\"><div class=\"w-separator size_small\"><\/div><div class=\"wpb_text_column us_custom_345c8b9d has_text_color\"><div class=\"wpb_wrapper\"><h1 style=\"text-align: center;\">Solos<\/h1>\n<\/div><\/div><div class=\"w-separator size_small\"><\/div><div class=\"wpb_text_column us_custom_a9694829 has_text_color\"><div class=\"wpb_wrapper\"><div class=\"page\" title=\"Page 8\">\n<div class=\"layoutArea\">\n<div class=\"column\">\n<p style=\"text-align: center;\"><span data-olk-copy-source=\"MessageBody\">Solos uses a particularly gentle process at low temperatures to remove the alcohol without impairing the character-giving aromas. <\/span><span>The natural aromas are carefully captured before the dealcoholization process and returned after the alcohol has been removed. This ensures that the sensory profile of the beverage is fully preserved.<\/span><\/p>\n<p style=\"text-align: center;\"><span>The result: the same high-quality ingredients, the same personality and the same authentic taste experience &#8211; only without alcohol.<\/span><\/p>\n<\/div>\n<\/div>\n<\/div>\n<\/div><\/div><div class=\"w-hwrapper valign_top align_center\"><div class=\"w-image us_custom_af61e2bb has_height align_center\"><div class=\"w-image-h\"><img decoding=\"async\" width=\"1024\" height=\"1024\" src=\"https:\/\/hello.bimmerle.de\/wp-content\/uploads\/2026\/03\/Alkoholfrei_2002_Sp_Fl_EN.svg\" class=\"attachment-large size-large\" alt=\"\" loading=\"lazy\" \/><\/div><\/div><\/div><\/div><\/div><\/div><\/div><\/div><\/section><section class=\"l-section wpb_row us_custom_79202522 fuellgueter produktgattungen height_auto width_custom\" style=\"--site-content-width:1600px;\"><div class=\"l-section-overlay\" style=\"background:#000\"><\/div><div class=\"l-section-h i-cf\"><div class=\"g-cols vc_row via_flex valign_top type_boxes stacking_default\"><div class=\"vc_col-sm-12 wpb_column vc_column_container\"><div class=\"vc_column-inner\"><div class=\"wpb_wrapper\"><div class=\"g-cols wpb_row via_flex valign_top type_default stacking_default\" style=\"--additional-gap:0.5rem;\"><div class=\"vc_col-sm-12 vc_col-md-12 wpb_column vc_column_container\"><div class=\"vc_column-inner us_custom_5cec121f\"><div class=\"wpb_wrapper\"><div class=\"w-separator size_small\"><\/div><div class=\"w-tabs us_custom_844dc6af has_text_color style_default switch_click accordion has_scrolling\" style=\"--sections-title-size:inherit\"><div class=\"w-tabs-sections titles-align_none icon_chevron cpos_right\"><div class=\"w-tabs-section has_text_color\" id=\"w900\" style=\"color:var(--color-content-primary);\"><button class=\"w-tabs-section-header\" aria-controls=\"content-w900\" aria-expanded=\"false\"><div class=\"w-tabs-section-title\">Solo&#8217;s dealcoholization process<\/div><div class=\"w-tabs-section-control\"><\/div><\/button><div  class=\"w-tabs-section-content us_custom_ea76afbe\" id=\"content-w900\"><div class=\"w-tabs-section-content-h i-cf\"><div class=\"wpb_text_column us_custom_a98bdcd6 has_text_color\"><div class=\"wpb_wrapper\"><p><span data-olk-copy-source=\"MessageBody\">The process begins with a finished spirit, which consists of water, alcohol and complex aroma and flavor components.<\/span><\/p>\n<\/div><\/div><\/div><\/div><\/div><div class=\"w-tabs-section has_text_color\" id=\"eb38\" style=\"color:var(--color-content-primary);\"><button class=\"w-tabs-section-header\" aria-controls=\"content-eb38\" aria-expanded=\"false\"><div class=\"w-tabs-section-title\">Process overview<\/div><div class=\"w-tabs-section-control\"><\/div><\/button><div  class=\"w-tabs-section-content\" id=\"content-eb38\"><div class=\"w-tabs-section-content-h i-cf\"><div class=\"wpb_text_column us_custom_a98bdcd6 has_text_color\"><div class=\"wpb_wrapper\"><ol start=\"1\">\n<li><span><b data-olk-copy-source=\"MessageBody\">Distillation<br \/>\n<\/b><\/span><span>During the distillation process, the spirit is separated into its main components:<\/span><\/p>\n<ul>\n<li><span role=\"presentation\">Alcohol<\/span><\/li>\n<li><span role=\"presentation\">Water<\/span><\/li>\n<li><span role=\"presentation\">Flavors and aromas<\/span><\/li>\n<\/ul>\n<p><span>In the case of dark spirits, this step takes place after maturation and initially results in a clear distillate.<\/span><\/li>\n<li><span><\/span><span><b>Filtration<br \/>\n<\/b><\/span><span>The distillate then undergoes a defined filtration process.<br \/>\nThis is used for further processing and supports the targeted separation of the components.<\/span><\/li>\n<li><span><\/span><span><b>Selective dealcoholization<br \/>\n<\/b><\/span><span>The alcohol is selectively removed from the liquid matrix, while:<\/span><\/p>\n<ul>\n<li><span role=\"presentation\">the characteristic flavor and aroma components are retained<\/span><\/li>\n<li><span role=\"presentation\">the water remains as a structure-forming basis<\/span><\/li>\n<\/ul>\n<\/li>\n<\/ol>\n<\/div><\/div><\/div><\/div><\/div><div class=\"w-tabs-section has_text_color\" id=\"xc4a\" style=\"color:var(--color-content-primary);\"><button class=\"w-tabs-section-header\" aria-controls=\"content-xc4a\" aria-expanded=\"false\"><div class=\"w-tabs-section-title\">End product<\/div><div class=\"w-tabs-section-control\"><\/div><\/button><div  class=\"w-tabs-section-content\" id=\"content-xc4a\"><div class=\"w-tabs-section-content-h i-cf\"><div class=\"wpb_text_column us_custom_a98bdcd6 has_text_color\"><div class=\"wpb_wrapper\"><p><span>The result is an alcohol-free spirit that retains the typical taste profile and aromatic characteristics of the original &#8211; but without the alcohol.<\/span><\/p>\n<\/div><\/div><\/div><\/div><\/div><\/div><\/div><div class=\"w-separator size_small\"><\/div><\/div><\/div><\/div><\/div><div class=\"w-separator size_medium\"><\/div><div class=\"wpb_text_column us_custom_345c8b9d has_text_color\"><div class=\"wpb_wrapper\"><h3 style=\"text-align: center;\">The difference is called Solos<\/h3>\n<\/div><\/div><div class=\"w-separator size_medium\"><\/div><div class=\"g-cols wpb_row via_flex valign_top type_default stacking_default\" style=\"--additional-gap:0.5rem;\"><div class=\"vc_col-sm-12 vc_col-md-6 wpb_column vc_column_container\"><div class=\"vc_column-inner us_custom_5cec121f\"><div class=\"vc_column-overlay\" style=\"background:var(--color-header-middle-text)\"><\/div><div class=\"wpb_wrapper\"><div class=\"w-separator size_small\"><\/div><h5 class=\"w-text us_custom_4f988c36 has_text_color\"><span class=\"w-text-h\"><span class=\"w-text-value\">Many non-alcoholic alternatives<\/span><\/span><\/h5><div class=\"w-separator size_small\"><\/div><div class=\"w-hwrapper us_custom_e4b4ca35 has_text_color valign_top default_align_none laptops_align_center tablets_align_center mobiles_align_center\" style=\"--hwrapper-gap:0.7rem\"><div class=\"w-iconbox us_custom_89909d76 iconpos_left style_default color_primary align_left no_text no_title\"><div class=\"w-iconbox-icon\" style=\"font-size:1rem;\"><i class=\"fas fa-chevron-right\"><\/i><\/div><div class=\"w-iconbox-meta\"><\/div><\/div><div class=\"wpb_text_column\"><div class=\"wpb_wrapper\"><p>Many non-alcoholic alternatives imitate spirits with added flavors. Solos takes a different approach.<\/p>\n<\/div><\/div><\/div><div class=\"w-separator size_small\"><\/div><\/div><\/div><\/div><div class=\"vc_col-sm-12 vc_col-md-6 wpb_column vc_column_container\"><div class=\"vc_column-inner us_custom_5cec121f\"><div class=\"vc_column-overlay\" style=\"background:var(--color-header-middle-text)\"><\/div><div class=\"wpb_wrapper\"><div class=\"w-separator size_small\"><\/div><h5 class=\"w-text us_custom_4f988c36 has_text_color\"><span class=\"w-text-h\"><span class=\"w-text-value\">Solo&#8217;s approach<\/span><\/span><\/h5><div class=\"w-separator size_small\"><\/div><div class=\"w-hwrapper us_custom_e4b4ca35 has_text_color valign_top default_align_none laptops_align_center tablets_align_center mobiles_align_center\" style=\"--hwrapper-gap:0.7rem\"><div class=\"w-iconbox us_custom_89909d76 iconpos_left style_default color_primary align_left no_text no_title\"><div class=\"w-iconbox-icon\" style=\"font-size:1rem;\"><i class=\"fas fa-check\"><\/i><\/div><div class=\"w-iconbox-meta\"><\/div><\/div><div class=\"wpb_text_column\"><div class=\"wpb_wrapper\"><p>The starting point is the real spirit &#8211; not a flavored base.<\/p>\n<\/div><\/div><\/div><div class=\"w-hwrapper us_custom_e4b4ca35 has_text_color valign_top default_align_none laptops_align_center tablets_align_center mobiles_align_center\" style=\"--hwrapper-gap:0.7rem\"><div class=\"w-iconbox us_custom_89909d76 iconpos_left style_default color_primary align_left no_text no_title\"><div class=\"w-iconbox-icon\" style=\"font-size:1rem;\"><i class=\"fas fa-check\"><\/i><\/div><div class=\"w-iconbox-meta\"><\/div><\/div><div class=\"wpb_text_column\"><div class=\"wpb_wrapper\"><p>The natural aromas are carefully captured, the alcohol gently removed and the product rebuilt with its authentic notes.<\/p>\n<\/div><\/div><\/div><div class=\"w-hwrapper us_custom_e4b4ca35 has_text_color valign_top default_align_none laptops_align_center tablets_align_center mobiles_align_center\" style=\"--hwrapper-gap:0.7rem\"><div class=\"w-iconbox us_custom_89909d76 iconpos_left style_default color_primary align_left no_text no_title\"><div class=\"w-iconbox-icon\" style=\"font-size:1rem;\"><i class=\"fas fa-check\"><\/i><\/div><div class=\"w-iconbox-meta\"><\/div><\/div><div class=\"wpb_text_column\"><div class=\"wpb_wrapper\"><p>Not an imitation, not a replica &#8211; but the well-known spirit, rethought for moments without alcohol.<\/p>\n<\/div><\/div><\/div><div class=\"w-separator size_small\"><\/div><\/div><\/div><\/div><\/div><div class=\"w-separator size_custom\" style=\"height:1rem\"><\/div><\/div><\/div><\/div><\/div><\/div><\/section><section class=\"l-section wpb_row height_huge width_custom\" style=\"--site-content-width:1600px;\"><div class=\"l-section-overlay\" style=\"background:#000\"><\/div><div class=\"l-section-h i-cf\"><div class=\"g-cols vc_row via_flex valign_top type_default stacking_default\"><div class=\"vc_col-sm-12 wpb_column vc_column_container\"><div class=\"vc_column-inner\"><div class=\"wpb_wrapper\"><div class=\"w-grid us_post_carousel us_custom_345c8b9d has_text_color type_carousel layout_18599 preload_style_spinner items_4 ratio_1x1\" id=\"us_post_list_v0f2\" style=\"--items:4;--gap:1rem;--item-ratio:1;\"><style>.layout_18599 .w-grid-item-h{}.layout_18599 .usg_post_image_1{transition-duration:0.3s;transform-origin:50% 50%;transform:scale(1) translate(0%,0%)}.layout_18599 .w-grid-item-h:focus-within .usg_post_image_1,.layout_18599 .w-grid-item-h:hover .usg_post_image_1{transform:scale(1.1) translate(0%,0%);opacity:1}<\/style><div class=\"w-grid-list owl-carousel valign_stretch dotstyle_circle navstyle_circle arrows-ver-pos_middle arrows-hor-pos_on_sides_outside arrows-disabled_hide owl-responsive-2000 with_dots with_arrows\" style=\"--transition-duration:350ms;--arrows-size:1.5rem;--arrows-gap:10px;\">\t<article class=\"w-grid-item size_1x1 post-20349 attachment type-attachment status-inherit hentry\" data-id=\"20349\">\r\n\t\t<div class=\"w-grid-item-h\">\r\n\t\t\t\t\t\t<div class=\"w-post-elm post_image usg_post_image_1 has_ratio\"><img loading=\"lazy\" decoding=\"async\" width=\"683\" height=\"1024\" src=\"https:\/\/hello.bimmerle.de\/wp-content\/uploads\/2026\/03\/Ginger-Girl-683x1024.jpg\" class=\"attachment-large size-large\" alt=\"\" \/><div style=\"padding-bottom:100%\"><\/div><\/div>\t\t<\/div>\r\n\t\t\t<\/article>\r\n\t<article class=\"w-grid-item size_1x1 post-20350 attachment type-attachment status-inherit hentry\" data-id=\"20350\">\r\n\t\t<div class=\"w-grid-item-h\">\r\n\t\t\t\t\t\t<div class=\"w-post-elm post_image usg_post_image_1 has_ratio\"><img loading=\"lazy\" decoding=\"async\" width=\"576\" height=\"1024\" src=\"https:\/\/hello.bimmerle.de\/wp-content\/uploads\/2026\/03\/Hoch_Alkoholfreier-Gin-Gimlet-mit-Blutorange-576x1024.webp\" class=\"attachment-large size-large\" alt=\"\" \/><div style=\"padding-bottom:100%\"><\/div><\/div>\t\t<\/div>\r\n\t\t\t<\/article>\r\n\t<article class=\"w-grid-item size_1x1 post-20351 attachment type-attachment status-inherit hentry\" data-id=\"20351\">\r\n\t\t<div class=\"w-grid-item-h\">\r\n\t\t\t\t\t\t<div class=\"w-post-elm post_image usg_post_image_1 has_ratio\"><img loading=\"lazy\" decoding=\"async\" width=\"683\" height=\"1024\" src=\"https:\/\/hello.bimmerle.de\/wp-content\/uploads\/2026\/03\/P1049494-683x1024.jpg\" class=\"attachment-large size-large\" alt=\"\" \/><div style=\"padding-bottom:100%\"><\/div><\/div>\t\t<\/div>\r\n\t\t\t<\/article>\r\n\t<article class=\"w-grid-item size_1x1 post-20352 attachment type-attachment status-inherit hentry\" data-id=\"20352\">\r\n\t\t<div class=\"w-grid-item-h\">\r\n\t\t\t\t\t\t<div class=\"w-post-elm post_image usg_post_image_1 has_ratio\"><img loading=\"lazy\" decoding=\"async\" width=\"576\" height=\"1024\" src=\"https:\/\/hello.bimmerle.de\/wp-content\/uploads\/2026\/03\/Raspberry-Jam-Sour-00-1-576x1024.jpg\" class=\"attachment-large size-large\" alt=\"\" \/><div style=\"padding-bottom:100%\"><\/div><\/div>\t\t<\/div>\r\n\t\t\t<\/article>\r\n\t<article class=\"w-grid-item size_1x1 post-20353 attachment type-attachment status-inherit hentry\" data-id=\"20353\">\r\n\t\t<div class=\"w-grid-item-h\">\r\n\t\t\t\t\t\t<div class=\"w-post-elm post_image usg_post_image_1 has_ratio\"><img loading=\"lazy\" decoding=\"async\" width=\"683\" height=\"1024\" src=\"https:\/\/hello.bimmerle.de\/wp-content\/uploads\/2026\/03\/290425_Needle_Gin_Karlsruhe_EX_PD24761-683x1024.jpg\" class=\"attachment-large size-large\" alt=\"\" \/><div style=\"padding-bottom:100%\"><\/div><\/div>\t\t<\/div>\r\n\t\t\t<\/article>\r\n\t<article class=\"w-grid-item size_1x1 post-20354 attachment type-attachment status-inherit hentry\" data-id=\"20354\">\r\n\t\t<div class=\"w-grid-item-h\">\r\n\t\t\t\t\t\t<div class=\"w-post-elm post_image usg_post_image_1 has_ratio\"><img loading=\"lazy\" decoding=\"async\" width=\"1024\" height=\"1024\" src=\"https:\/\/hello.bimmerle.de\/wp-content\/uploads\/2026\/03\/Aperitivo-00-im-Himmel_1zu1-1024x1024.jpg\" class=\"attachment-large size-large\" alt=\"\" \/><div style=\"padding-bottom:100%\"><\/div><\/div>\t\t<\/div>\r\n\t\t\t<\/article>\r\n\t<article class=\"w-grid-item size_1x1 post-20355 attachment type-attachment status-inherit hentry\" data-id=\"20355\">\r\n\t\t<div class=\"w-grid-item-h\">\r\n\t\t\t\t\t\t<div class=\"w-post-elm post_image usg_post_image_1 has_ratio\"><img loading=\"lazy\" decoding=\"async\" width=\"820\" height=\"1024\" src=\"https:\/\/hello.bimmerle.de\/wp-content\/uploads\/2026\/03\/Aperitivo-00-im-Rosenbett_4z5-820x1024.jpg\" class=\"attachment-large size-large\" alt=\"\" \/><div style=\"padding-bottom:100%\"><\/div><\/div>\t\t<\/div>\r\n\t\t\t<\/article>\r\n\t<article class=\"w-grid-item size_1x1 post-20356 attachment type-attachment status-inherit hentry\" data-id=\"20356\">\r\n\t\t<div class=\"w-grid-item-h\">\r\n\t\t\t\t\t\t<div class=\"w-post-elm post_image usg_post_image_1 has_ratio\"><img loading=\"lazy\" decoding=\"async\" width=\"819\" height=\"1024\" src=\"https:\/\/hello.bimmerle.de\/wp-content\/uploads\/2026\/03\/Aperitivo-00-Mock-Up-Girl_4zu5-819x1024.jpg\" class=\"attachment-large size-large\" alt=\"\" \/><div style=\"padding-bottom:100%\"><\/div><\/div>\t\t<\/div>\r\n\t\t\t<\/article>\r\n\t<article class=\"w-grid-item size_1x1 post-20357 attachment type-attachment status-inherit hentry\" data-id=\"20357\">\r\n\t\t<div class=\"w-grid-item-h\">\r\n\t\t\t\t\t\t<div class=\"w-post-elm post_image usg_post_image_1 has_ratio\"><img loading=\"lazy\" decoding=\"async\" width=\"1024\" height=\"1024\" src=\"https:\/\/hello.bimmerle.de\/wp-content\/uploads\/2026\/03\/Aperitivo-Mock-Up_Pool_1zu1-1024x1024.jpg\" class=\"attachment-large size-large\" alt=\"\" \/><div style=\"padding-bottom:100%\"><\/div><\/div>\t\t<\/div>\r\n\t\t\t<\/article>\r\n\t<article class=\"w-grid-item size_1x1 post-20358 attachment type-attachment status-inherit hentry\" data-id=\"20358\">\r\n\t\t<div class=\"w-grid-item-h\">\r\n\t\t\t\t\t\t<div class=\"w-post-elm post_image usg_post_image_1 has_ratio\"><img loading=\"lazy\" decoding=\"async\" width=\"683\" height=\"1024\" src=\"https:\/\/hello.bimmerle.de\/wp-content\/uploads\/2026\/03\/DSC00369-683x1024.jpg\" class=\"attachment-large size-large\" alt=\"\" \/><div style=\"padding-bottom:100%\"><\/div><\/div>\t\t<\/div>\r\n\t\t\t<\/article>\r\n<\/div><div class=\"w-grid-carousel-json hidden\" onclick='return {&quot;carousel_settings&quot;:{&quot;aria_labels&quot;:{&quot;prev&quot;:&quot;Previous&quot;,&quot;next&quot;:&quot;Next&quot;},&quot;autoplayContinual&quot;:false,&quot;autoplayHoverPause&quot;:false,&quot;autoplayTimeout&quot;:3000,&quot;autoWidth&quot;:false,&quot;smartSpeed&quot;:350,&quot;margin&quot;:0,&quot;mouseDrag&quot;:true,&quot;rtl&quot;:false,&quot;slideBy&quot;:&quot;1&quot;,&quot;touchDrag&quot;:true,&quot;slideTransition&quot;:&quot;&quot;,&quot;responsive&quot;:{&quot;0&quot;:{&quot;autoHeight&quot;:false,&quot;autoplay&quot;:false,&quot;autoWidth&quot;:false,&quot;center&quot;:false,&quot;dots&quot;:false,&quot;items&quot;:1,&quot;loop&quot;:false,&quot;nav&quot;:false,&quot;stagePadding&quot;:0,&quot;slideBy&quot;:&quot;1&quot;},&quot;601&quot;:{&quot;items&quot;:4,&quot;autoplay&quot;:true,&quot;center&quot;:false,&quot;dots&quot;:true,&quot;nav&quot;:true,&quot;autoHeight&quot;:false,&quot;autoWidth&quot;:false,&quot;loop&quot;:true,&quot;stagePadding&quot;:0}}}}'><\/div><\/div><\/div><\/div><\/div><\/div><\/div><\/section>\n","protected":false},"excerpt":{"rendered":"","protected":false},"author":1,"featured_media":0,"parent":0,"menu_order":0,"comment_status":"closed","ping_status":"closed","template":"","meta":{"_acf_changed":false,"footnotes":""},"class_list":["post-20005","page","type-page","status-publish","hentry"],"acf":[],"yoast_head":"<!-- This site is optimized with the Yoast SEO plugin v27.1.1 - https:\/\/yoast.com\/product\/yoast-seo-wordpress\/ -->\n<title>Solos - Bimmerle KG<\/title>\n<meta name=\"description\" content=\"Vom klassischen Obstbrand und Fruchtsaftlik\u00f6r der Marke L\u00d6RCH, \u00fcber NEEDLE BLACK FOREST Gin, bis hin zu WOOD STORK Spiced Rum und EVERMANN Whisky: Wir verbinden frische Ideen und Inspirationen aus der ganzen Welt mit der traditionellen Destillationskunst des Schwarzwalds.\" \/>\n<meta name=\"robots\" content=\"noindex, follow, max-snippet:-1, max-image-preview:large, max-video-preview:-1\" \/>\n<meta property=\"og:locale\" content=\"en_US\" \/>\n<meta property=\"og:type\" content=\"article\" \/>\n<meta property=\"og:title\" content=\"Solos - Bimmerle KG\" \/>\n<meta property=\"og:description\" content=\"Vom klassischen Obstbrand und Fruchtsaftlik\u00f6r der Marke L\u00d6RCH, \u00fcber NEEDLE BLACK FOREST Gin, bis hin zu WOOD STORK Spiced Rum und EVERMANN Whisky: Wir verbinden frische Ideen und Inspirationen aus der ganzen Welt mit der traditionellen Destillationskunst des Schwarzwalds.\" \/>\n<meta property=\"og:url\" content=\"https:\/\/hello.bimmerle.de\/en\/solos\/\" \/>\n<meta property=\"og:site_name\" content=\"Bimmerle KG\" \/>\n<meta property=\"article:modified_time\" content=\"2026-03-10T08:21:28+00:00\" \/>\n<meta property=\"og:image\" content=\"https:\/\/hello.bimmerle.de\/wp-content\/uploads\/2024\/03\/bimmerle_open_graph.webp\" \/>\n\t<meta property=\"og:image:width\" content=\"2518\" \/>\n\t<meta property=\"og:image:height\" content=\"1512\" \/>\n\t<meta property=\"og:image:type\" content=\"image\/webp\" \/>\n<meta name=\"twitter:card\" content=\"summary_large_image\" \/>\n<meta name=\"twitter:label1\" content=\"Est. reading time\" \/>\n\t<meta name=\"twitter:data1\" content=\"8 minutes\" \/>\n<script type=\"application\/ld+json\" class=\"yoast-schema-graph\">{\"@context\":\"https:\/\/schema.org\",\"@graph\":[{\"@type\":\"WebPage\",\"@id\":\"https:\/\/hello.bimmerle.de\/en\/solos\/\",\"url\":\"https:\/\/hello.bimmerle.de\/en\/solos\/\",\"name\":\"Solos - Bimmerle KG\",\"isPartOf\":{\"@id\":\"https:\/\/hello.bimmerle.de\/en\/#website\"},\"datePublished\":\"2025-08-19T06:53:25+00:00\",\"dateModified\":\"2026-03-10T08:21:28+00:00\",\"description\":\"Vom klassischen Obstbrand und Fruchtsaftlik\u00f6r der Marke L\u00d6RCH, \u00fcber NEEDLE BLACK FOREST Gin, bis hin zu WOOD STORK Spiced Rum und EVERMANN Whisky: Wir verbinden frische Ideen und Inspirationen aus der ganzen Welt mit der traditionellen Destillationskunst des Schwarzwalds.\",\"breadcrumb\":{\"@id\":\"https:\/\/hello.bimmerle.de\/en\/solos\/#breadcrumb\"},\"inLanguage\":\"en-US\",\"potentialAction\":[{\"@type\":\"ReadAction\",\"target\":[\"https:\/\/hello.bimmerle.de\/en\/solos\/\"]}]},{\"@type\":\"BreadcrumbList\",\"@id\":\"https:\/\/hello.bimmerle.de\/en\/solos\/#breadcrumb\",\"itemListElement\":[{\"@type\":\"ListItem\",\"position\":1,\"name\":\"Startseite\",\"item\":\"https:\/\/hello.bimmerle.de\/en\/\"},{\"@type\":\"ListItem\",\"position\":2,\"name\":\"Solos\"}]},{\"@type\":\"WebSite\",\"@id\":\"https:\/\/hello.bimmerle.de\/en\/#website\",\"url\":\"https:\/\/hello.bimmerle.de\/en\/\",\"name\":\"Bimmerle KG\",\"description\":\"Spirits &amp; Brands\",\"publisher\":{\"@id\":\"https:\/\/hello.bimmerle.de\/en\/#organization\"},\"potentialAction\":[{\"@type\":\"SearchAction\",\"target\":{\"@type\":\"EntryPoint\",\"urlTemplate\":\"https:\/\/hello.bimmerle.de\/en\/?s={search_term_string}\"},\"query-input\":{\"@type\":\"PropertyValueSpecification\",\"valueRequired\":true,\"valueName\":\"search_term_string\"}}],\"inLanguage\":\"en-US\"},{\"@type\":\"Organization\",\"@id\":\"https:\/\/hello.bimmerle.de\/en\/#organization\",\"name\":\"Bimmerle KG\",\"url\":\"https:\/\/hello.bimmerle.de\/en\/\",\"logo\":{\"@type\":\"ImageObject\",\"inLanguage\":\"en-US\",\"@id\":\"https:\/\/hello.bimmerle.de\/en\/#\/schema\/logo\/image\/\",\"url\":\"https:\/\/hello.bimmerle.de\/wp-content\/uploads\/2024\/01\/bimmerle-private-distillery_logo.svg\",\"contentUrl\":\"https:\/\/hello.bimmerle.de\/wp-content\/uploads\/2024\/01\/bimmerle-private-distillery_logo.svg\",\"width\":\"1024\",\"height\":\"1024\",\"caption\":\"Bimmerle KG\"},\"image\":{\"@id\":\"https:\/\/hello.bimmerle.de\/en\/#\/schema\/logo\/image\/\"},\"sameAs\":[\"https:\/\/www.instagram.com\/bimmerle.private.distillery\/\",\"https:\/\/de.linkedin.com\/company\/bimmerle-kg\"]}]}<\/script>\n<!-- \/ Yoast SEO plugin. -->","yoast_head_json":{"title":"Solos - Bimmerle KG","description":"Vom klassischen Obstbrand und Fruchtsaftlik\u00f6r der Marke L\u00d6RCH, \u00fcber NEEDLE BLACK FOREST Gin, bis hin zu WOOD STORK Spiced Rum und EVERMANN Whisky: Wir verbinden frische Ideen und Inspirationen aus der ganzen Welt mit der traditionellen Destillationskunst des Schwarzwalds.","robots":{"index":"noindex","follow":"follow","max-snippet":"max-snippet:-1","max-image-preview":"max-image-preview:large","max-video-preview":"max-video-preview:-1"},"og_locale":"en_US","og_type":"article","og_title":"Solos - Bimmerle KG","og_description":"Vom klassischen Obstbrand und Fruchtsaftlik\u00f6r der Marke L\u00d6RCH, \u00fcber NEEDLE BLACK FOREST Gin, bis hin zu WOOD STORK Spiced Rum und EVERMANN Whisky: Wir verbinden frische Ideen und Inspirationen aus der ganzen Welt mit der traditionellen Destillationskunst des Schwarzwalds.","og_url":"https:\/\/hello.bimmerle.de\/en\/solos\/","og_site_name":"Bimmerle KG","article_modified_time":"2026-03-10T08:21:28+00:00","og_image":[{"width":2518,"height":1512,"url":"https:\/\/hello.bimmerle.de\/wp-content\/uploads\/2024\/03\/bimmerle_open_graph.webp","type":"image\/webp"}],"twitter_card":"summary_large_image","twitter_misc":{"Est. reading time":"8 minutes"},"schema":{"@context":"https:\/\/schema.org","@graph":[{"@type":"WebPage","@id":"https:\/\/hello.bimmerle.de\/en\/solos\/","url":"https:\/\/hello.bimmerle.de\/en\/solos\/","name":"Solos - Bimmerle KG","isPartOf":{"@id":"https:\/\/hello.bimmerle.de\/en\/#website"},"datePublished":"2025-08-19T06:53:25+00:00","dateModified":"2026-03-10T08:21:28+00:00","description":"Vom klassischen Obstbrand und Fruchtsaftlik\u00f6r der Marke L\u00d6RCH, \u00fcber NEEDLE BLACK FOREST Gin, bis hin zu WOOD STORK Spiced Rum und EVERMANN Whisky: Wir verbinden frische Ideen und Inspirationen aus der ganzen Welt mit der traditionellen Destillationskunst des Schwarzwalds.","breadcrumb":{"@id":"https:\/\/hello.bimmerle.de\/en\/solos\/#breadcrumb"},"inLanguage":"en-US","potentialAction":[{"@type":"ReadAction","target":["https:\/\/hello.bimmerle.de\/en\/solos\/"]}]},{"@type":"BreadcrumbList","@id":"https:\/\/hello.bimmerle.de\/en\/solos\/#breadcrumb","itemListElement":[{"@type":"ListItem","position":1,"name":"Startseite","item":"https:\/\/hello.bimmerle.de\/en\/"},{"@type":"ListItem","position":2,"name":"Solos"}]},{"@type":"WebSite","@id":"https:\/\/hello.bimmerle.de\/en\/#website","url":"https:\/\/hello.bimmerle.de\/en\/","name":"Bimmerle KG","description":"Spirits &amp; Brands","publisher":{"@id":"https:\/\/hello.bimmerle.de\/en\/#organization"},"potentialAction":[{"@type":"SearchAction","target":{"@type":"EntryPoint","urlTemplate":"https:\/\/hello.bimmerle.de\/en\/?s={search_term_string}"},"query-input":{"@type":"PropertyValueSpecification","valueRequired":true,"valueName":"search_term_string"}}],"inLanguage":"en-US"},{"@type":"Organization","@id":"https:\/\/hello.bimmerle.de\/en\/#organization","name":"Bimmerle KG","url":"https:\/\/hello.bimmerle.de\/en\/","logo":{"@type":"ImageObject","inLanguage":"en-US","@id":"https:\/\/hello.bimmerle.de\/en\/#\/schema\/logo\/image\/","url":"https:\/\/hello.bimmerle.de\/wp-content\/uploads\/2024\/01\/bimmerle-private-distillery_logo.svg","contentUrl":"https:\/\/hello.bimmerle.de\/wp-content\/uploads\/2024\/01\/bimmerle-private-distillery_logo.svg","width":"1024","height":"1024","caption":"Bimmerle KG"},"image":{"@id":"https:\/\/hello.bimmerle.de\/en\/#\/schema\/logo\/image\/"},"sameAs":["https:\/\/www.instagram.com\/bimmerle.private.distillery\/","https:\/\/de.linkedin.com\/company\/bimmerle-kg"]}]}},"_links":{"self":[{"href":"https:\/\/hello.bimmerle.de\/en\/wp-json\/wp\/v2\/pages\/20005","targetHints":{"allow":["GET"]}}],"collection":[{"href":"https:\/\/hello.bimmerle.de\/en\/wp-json\/wp\/v2\/pages"}],"about":[{"href":"https:\/\/hello.bimmerle.de\/en\/wp-json\/wp\/v2\/types\/page"}],"author":[{"embeddable":true,"href":"https:\/\/hello.bimmerle.de\/en\/wp-json\/wp\/v2\/users\/1"}],"replies":[{"embeddable":true,"href":"https:\/\/hello.bimmerle.de\/en\/wp-json\/wp\/v2\/comments?post=20005"}],"version-history":[{"count":4,"href":"https:\/\/hello.bimmerle.de\/en\/wp-json\/wp\/v2\/pages\/20005\/revisions"}],"predecessor-version":[{"id":20373,"href":"https:\/\/hello.bimmerle.de\/en\/wp-json\/wp\/v2\/pages\/20005\/revisions\/20373"}],"wp:attachment":[{"href":"https:\/\/hello.bimmerle.de\/en\/wp-json\/wp\/v2\/media?parent=20005"}],"curies":[{"name":"wp","href":"https:\/\/api.w.org\/{rel}","templated":true}]}}