{"id":1936,"date":"2024-02-15T08:12:05","date_gmt":"2024-02-15T07:12:05","guid":{"rendered":"https:\/\/staging.p696137.mittwaldserver.info\/?page_id=1936"},"modified":"2026-03-05T08:35:04","modified_gmt":"2026-03-05T07:35:04","slug":"business-areas","status":"publish","type":"page","link":"https:\/\/hello.bimmerle.de\/en\/business-areas\/","title":{"rendered":"Business areas"},"content":{"rendered":"<section class=\"l-section wpb_row overflow-fix height_auto full_height valign_center width_full\"><div class=\"l-section-overlay\" style=\"background:#000\"><\/div><div class=\"l-section-h i-cf\"><div class=\"g-cols vc_row via_flex valign_top type_default stacking_default\"><div class=\"vc_col-sm-12 wpb_column vc_column_container\"><div class=\"vc_column-inner us_custom_2cfb1f2c\"><div class=\"vc_column-overlay\" style=\"background:#000\"><\/div><div class=\"wpb_wrapper\"><div class=\"w-image us_custom_1c7b69be align_center\"><div class=\"w-image-h\"><img decoding=\"async\" width=\"1024\" height=\"1024\" src=\"https:\/\/hello.bimmerle.de\/wp-content\/uploads\/2024\/01\/bimmerle_logo_neg.svg\" class=\"attachment-large size-large\" alt=\"\" loading=\"lazy\" \/><\/div><\/div><div class=\"w-separator size_large\"><\/div><div class=\"g-cols wpb_row us_custom_a21ea65f overflow-fix via_flex valign_top type_default stacking_default\"><div class=\"vc_col-sm-6 vc_col-md-3 wpb_column vc_column_container has_bg_color has-link\"><div class=\"vc_column-inner us_custom_a61352d6\"><div class=\"vc_column-overlay\" style=\"background:#000000\"><\/div><div class=\"wpb_wrapper\"><div class=\"w-separator size_medium\"><\/div><h3 class=\"w-text us_custom_0c4dbdce has_text_color\"><span class=\"w-text-h\"><span class=\"w-text-value\">Brand<\/span><\/span><\/h3><div class=\"w-image us_custom_c5a6d14a has_height align_center\"><div class=\"w-image-h\"><img decoding=\"async\" width=\"1024\" height=\"1024\" src=\"https:\/\/hello.bimmerle.de\/wp-content\/uploads\/2024\/03\/brands_solution.svg\" class=\"attachment-large size-large\" alt=\"\" loading=\"lazy\" \/><\/div><\/div><div class=\"w-separator size_medium\"><\/div><\/div><\/div><a href=\"https:\/\/hello.bimmerle.de\/en\/brands\" class=\"vc_column-link smooth-scroll\" aria-label=\"Link\"><\/a><\/div><div class=\"vc_col-sm-6 vc_col-md-3 wpb_column vc_column_container has_bg_color has-link\"><div class=\"vc_column-inner us_custom_d82fd258\"><div class=\"vc_column-overlay\" style=\"background:var(--color-header-middle-text-hover)\"><\/div><div class=\"wpb_wrapper\"><div class=\"w-separator size_medium\"><\/div><h3 class=\"w-text us_custom_4f988c36 has_text_color\"><span class=\"w-text-h\"><span class=\"w-text-value\">Private Label<\/span><\/span><\/h3><div class=\"w-image us_custom_569bb8d4 has_height align_center\"><div class=\"w-image-h\"><img decoding=\"async\" width=\"1024\" height=\"1024\" src=\"https:\/\/hello.bimmerle.de\/wp-content\/uploads\/2025\/10\/Abfuellstrasse.svg\" class=\"attachment-large size-large\" alt=\"\" loading=\"lazy\" \/><\/div><\/div><div class=\"w-separator size_medium\"><\/div><\/div><\/div><a href=\"https:\/\/hello.bimmerle.de\/en\/private-label\/\" class=\"vc_column-link smooth-scroll\" aria-label=\"Link\"><\/a><\/div><div class=\"vc_col-sm-6 vc_col-md-3 wpb_column vc_column_container has_bg_color has-link\"><div class=\"vc_column-inner us_custom_8b27f3c6\"><div class=\"wpb_wrapper\"><div class=\"w-separator size_medium\"><\/div><h3 class=\"w-text us_custom_0c4dbdce has_text_color\"><span class=\"w-text-h\"><span class=\"w-text-value\">Bulk<\/span><\/span><\/h3><div class=\"w-image us_custom_569bb8d4 has_height align_center\"><div class=\"w-image-h\"><img decoding=\"async\" width=\"1024\" height=\"1024\" src=\"https:\/\/hello.bimmerle.de\/wp-content\/uploads\/2024\/03\/bulk_neu.svg\" class=\"attachment-large size-large\" alt=\"\" loading=\"lazy\" \/><\/div><\/div><div class=\"w-separator size_medium\"><\/div><\/div><\/div><a href=\"https:\/\/hello.bimmerle.de\/en\/bulk\/\" class=\"vc_column-link smooth-scroll\" aria-label=\"Link\"><\/a><\/div><div class=\"vc_col-sm-6 vc_col-md-3 wpb_column vc_column_container has_bg_color has-link\"><div class=\"vc_column-inner us_custom_c9a6b0cc\"><div class=\"wpb_wrapper\"><div class=\"w-separator size_medium\"><\/div><h3 class=\"w-text us_custom_0c4dbdce has_text_color\"><span class=\"w-text-h\"><span class=\"w-text-value\">Solos<\/span><\/span><\/h3><div class=\"w-image us_custom_569bb8d4 has_height align_center\"><div class=\"w-image-h\"><img decoding=\"async\" width=\"1024\" height=\"1024\" src=\"https:\/\/hello.bimmerle.de\/wp-content\/uploads\/2025\/10\/Solos.svg\" class=\"attachment-large size-large\" alt=\"\" loading=\"lazy\" \/><\/div><\/div><div class=\"w-separator size_medium\"><\/div><\/div><\/div><a href=\"https:\/\/hello.bimmerle.de\/en\/bulk\/\" class=\"vc_column-link smooth-scroll\" aria-label=\"Link\"><\/a><\/div><\/div><\/div><\/div><\/div><\/div><\/div><\/section>\n","protected":false},"excerpt":{"rendered":"BrandPrivate LabelBulkSolos","protected":false},"author":1,"featured_media":1655,"parent":0,"menu_order":0,"comment_status":"closed","ping_status":"closed","template":"","meta":{"_acf_changed":false,"footnotes":""},"class_list":["post-1936","page","type-page","status-publish","has-post-thumbnail","hentry"],"acf":[],"yoast_head":"<!-- This site is optimized with the Yoast SEO plugin v27.1.1 - https:\/\/yoast.com\/product\/yoast-seo-wordpress\/ -->\n<title>Business areas - Bimmerle KG<\/title>\n<meta name=\"description\" content=\"Vom klassischen Obstbrand und Fruchtsaftlik\u00f6r der Marke L\u00d6RCH, \u00fcber NEEDLE BLACK FOREST Gin, bis hin zu WOOD STORK Spiced Rum und EVERMANN Whisky: Wir verbinden frische Ideen und Inspirationen aus der ganzen Welt mit der traditionellen Destillationskunst des Schwarzwalds.\" \/>\n<meta name=\"robots\" content=\"noindex, follow, max-snippet:-1, max-image-preview:large, max-video-preview:-1\" \/>\n<meta property=\"og:locale\" content=\"en_US\" \/>\n<meta property=\"og:type\" content=\"article\" \/>\n<meta property=\"og:title\" content=\"Business areas - Bimmerle KG\" \/>\n<meta property=\"og:description\" content=\"Vom klassischen Obstbrand und Fruchtsaftlik\u00f6r der Marke L\u00d6RCH, \u00fcber NEEDLE BLACK FOREST Gin, bis hin zu WOOD STORK Spiced Rum und EVERMANN Whisky: Wir verbinden frische Ideen und Inspirationen aus der ganzen Welt mit der traditionellen Destillationskunst des Schwarzwalds.\" \/>\n<meta property=\"og:url\" content=\"https:\/\/hello.bimmerle.de\/en\/business-areas\/\" \/>\n<meta property=\"og:site_name\" content=\"Bimmerle KG\" \/>\n<meta property=\"article:modified_time\" content=\"2026-03-05T07:35:04+00:00\" \/>\n<meta property=\"og:image\" content=\"https:\/\/hello.bimmerle.de\/wp-content\/uploads\/2024\/02\/2024_Bimmerle_people_1350_web.jpg\" \/>\n\t<meta property=\"og:image:width\" content=\"2556\" \/>\n\t<meta property=\"og:image:height\" content=\"1842\" \/>\n\t<meta property=\"og:image:type\" content=\"image\/jpeg\" \/>\n<meta name=\"twitter:card\" content=\"summary_large_image\" \/>\n<meta name=\"twitter:label1\" content=\"Est. reading time\" \/>\n\t<meta name=\"twitter:data1\" content=\"4 minutes\" \/>\n<script type=\"application\/ld+json\" class=\"yoast-schema-graph\">{\"@context\":\"https:\/\/schema.org\",\"@graph\":[{\"@type\":\"WebPage\",\"@id\":\"https:\/\/hello.bimmerle.de\/en\/business-areas\/\",\"url\":\"https:\/\/hello.bimmerle.de\/en\/business-areas\/\",\"name\":\"Business areas - Bimmerle KG\",\"isPartOf\":{\"@id\":\"https:\/\/hello.bimmerle.de\/en\/#website\"},\"primaryImageOfPage\":{\"@id\":\"https:\/\/hello.bimmerle.de\/en\/business-areas\/#primaryimage\"},\"image\":{\"@id\":\"https:\/\/hello.bimmerle.de\/en\/business-areas\/#primaryimage\"},\"thumbnailUrl\":\"https:\/\/hello.bimmerle.de\/wp-content\/uploads\/2024\/02\/2024_Bimmerle_people_1350_web.jpg\",\"datePublished\":\"2024-02-15T07:12:05+00:00\",\"dateModified\":\"2026-03-05T07:35:04+00:00\",\"description\":\"Vom klassischen Obstbrand und Fruchtsaftlik\u00f6r der Marke L\u00d6RCH, \u00fcber NEEDLE BLACK FOREST Gin, bis hin zu WOOD STORK Spiced Rum und EVERMANN Whisky: Wir verbinden frische Ideen und Inspirationen aus der ganzen Welt mit der traditionellen Destillationskunst des Schwarzwalds.\",\"breadcrumb\":{\"@id\":\"https:\/\/hello.bimmerle.de\/en\/business-areas\/#breadcrumb\"},\"inLanguage\":\"en-US\",\"potentialAction\":[{\"@type\":\"ReadAction\",\"target\":[\"https:\/\/hello.bimmerle.de\/en\/business-areas\/\"]}]},{\"@type\":\"ImageObject\",\"inLanguage\":\"en-US\",\"@id\":\"https:\/\/hello.bimmerle.de\/en\/business-areas\/#primaryimage\",\"url\":\"https:\/\/hello.bimmerle.de\/wp-content\/uploads\/2024\/02\/2024_Bimmerle_people_1350_web.jpg\",\"contentUrl\":\"https:\/\/hello.bimmerle.de\/wp-content\/uploads\/2024\/02\/2024_Bimmerle_people_1350_web.jpg\",\"width\":2556,\"height\":1842},{\"@type\":\"BreadcrumbList\",\"@id\":\"https:\/\/hello.bimmerle.de\/en\/business-areas\/#breadcrumb\",\"itemListElement\":[{\"@type\":\"ListItem\",\"position\":1,\"name\":\"Startseite\",\"item\":\"https:\/\/hello.bimmerle.de\/en\/\"},{\"@type\":\"ListItem\",\"position\":2,\"name\":\"Business areas\"}]},{\"@type\":\"WebSite\",\"@id\":\"https:\/\/hello.bimmerle.de\/en\/#website\",\"url\":\"https:\/\/hello.bimmerle.de\/en\/\",\"name\":\"Bimmerle KG\",\"description\":\"Spirits &amp; Brands\",\"publisher\":{\"@id\":\"https:\/\/hello.bimmerle.de\/en\/#organization\"},\"potentialAction\":[{\"@type\":\"SearchAction\",\"target\":{\"@type\":\"EntryPoint\",\"urlTemplate\":\"https:\/\/hello.bimmerle.de\/en\/?s={search_term_string}\"},\"query-input\":{\"@type\":\"PropertyValueSpecification\",\"valueRequired\":true,\"valueName\":\"search_term_string\"}}],\"inLanguage\":\"en-US\"},{\"@type\":\"Organization\",\"@id\":\"https:\/\/hello.bimmerle.de\/en\/#organization\",\"name\":\"Bimmerle KG\",\"url\":\"https:\/\/hello.bimmerle.de\/en\/\",\"logo\":{\"@type\":\"ImageObject\",\"inLanguage\":\"en-US\",\"@id\":\"https:\/\/hello.bimmerle.de\/en\/#\/schema\/logo\/image\/\",\"url\":\"https:\/\/hello.bimmerle.de\/wp-content\/uploads\/2024\/01\/bimmerle-private-distillery_logo.svg\",\"contentUrl\":\"https:\/\/hello.bimmerle.de\/wp-content\/uploads\/2024\/01\/bimmerle-private-distillery_logo.svg\",\"width\":\"1024\",\"height\":\"1024\",\"caption\":\"Bimmerle KG\"},\"image\":{\"@id\":\"https:\/\/hello.bimmerle.de\/en\/#\/schema\/logo\/image\/\"},\"sameAs\":[\"https:\/\/www.instagram.com\/bimmerle.private.distillery\/\",\"https:\/\/de.linkedin.com\/company\/bimmerle-kg\"]}]}<\/script>\n<!-- \/ Yoast SEO plugin. -->","yoast_head_json":{"title":"Business areas - Bimmerle KG","description":"Vom klassischen Obstbrand und Fruchtsaftlik\u00f6r der Marke L\u00d6RCH, \u00fcber NEEDLE BLACK FOREST Gin, bis hin zu WOOD STORK Spiced Rum und EVERMANN Whisky: Wir verbinden frische Ideen und Inspirationen aus der ganzen Welt mit der traditionellen Destillationskunst des Schwarzwalds.","robots":{"index":"noindex","follow":"follow","max-snippet":"max-snippet:-1","max-image-preview":"max-image-preview:large","max-video-preview":"max-video-preview:-1"},"og_locale":"en_US","og_type":"article","og_title":"Business areas - Bimmerle KG","og_description":"Vom klassischen Obstbrand und Fruchtsaftlik\u00f6r der Marke L\u00d6RCH, \u00fcber NEEDLE BLACK FOREST Gin, bis hin zu WOOD STORK Spiced Rum und EVERMANN Whisky: Wir verbinden frische Ideen und Inspirationen aus der ganzen Welt mit der traditionellen Destillationskunst des Schwarzwalds.","og_url":"https:\/\/hello.bimmerle.de\/en\/business-areas\/","og_site_name":"Bimmerle KG","article_modified_time":"2026-03-05T07:35:04+00:00","og_image":[{"width":2556,"height":1842,"url":"https:\/\/hello.bimmerle.de\/wp-content\/uploads\/2024\/02\/2024_Bimmerle_people_1350_web.jpg","type":"image\/jpeg"}],"twitter_card":"summary_large_image","twitter_misc":{"Est. reading time":"4 minutes"},"schema":{"@context":"https:\/\/schema.org","@graph":[{"@type":"WebPage","@id":"https:\/\/hello.bimmerle.de\/en\/business-areas\/","url":"https:\/\/hello.bimmerle.de\/en\/business-areas\/","name":"Business areas - Bimmerle KG","isPartOf":{"@id":"https:\/\/hello.bimmerle.de\/en\/#website"},"primaryImageOfPage":{"@id":"https:\/\/hello.bimmerle.de\/en\/business-areas\/#primaryimage"},"image":{"@id":"https:\/\/hello.bimmerle.de\/en\/business-areas\/#primaryimage"},"thumbnailUrl":"https:\/\/hello.bimmerle.de\/wp-content\/uploads\/2024\/02\/2024_Bimmerle_people_1350_web.jpg","datePublished":"2024-02-15T07:12:05+00:00","dateModified":"2026-03-05T07:35:04+00:00","description":"Vom klassischen Obstbrand und Fruchtsaftlik\u00f6r der Marke L\u00d6RCH, \u00fcber NEEDLE BLACK FOREST Gin, bis hin zu WOOD STORK Spiced Rum und EVERMANN Whisky: Wir verbinden frische Ideen und Inspirationen aus der ganzen Welt mit der traditionellen Destillationskunst des Schwarzwalds.","breadcrumb":{"@id":"https:\/\/hello.bimmerle.de\/en\/business-areas\/#breadcrumb"},"inLanguage":"en-US","potentialAction":[{"@type":"ReadAction","target":["https:\/\/hello.bimmerle.de\/en\/business-areas\/"]}]},{"@type":"ImageObject","inLanguage":"en-US","@id":"https:\/\/hello.bimmerle.de\/en\/business-areas\/#primaryimage","url":"https:\/\/hello.bimmerle.de\/wp-content\/uploads\/2024\/02\/2024_Bimmerle_people_1350_web.jpg","contentUrl":"https:\/\/hello.bimmerle.de\/wp-content\/uploads\/2024\/02\/2024_Bimmerle_people_1350_web.jpg","width":2556,"height":1842},{"@type":"BreadcrumbList","@id":"https:\/\/hello.bimmerle.de\/en\/business-areas\/#breadcrumb","itemListElement":[{"@type":"ListItem","position":1,"name":"Startseite","item":"https:\/\/hello.bimmerle.de\/en\/"},{"@type":"ListItem","position":2,"name":"Business areas"}]},{"@type":"WebSite","@id":"https:\/\/hello.bimmerle.de\/en\/#website","url":"https:\/\/hello.bimmerle.de\/en\/","name":"Bimmerle KG","description":"Spirits &amp; Brands","publisher":{"@id":"https:\/\/hello.bimmerle.de\/en\/#organization"},"potentialAction":[{"@type":"SearchAction","target":{"@type":"EntryPoint","urlTemplate":"https:\/\/hello.bimmerle.de\/en\/?s={search_term_string}"},"query-input":{"@type":"PropertyValueSpecification","valueRequired":true,"valueName":"search_term_string"}}],"inLanguage":"en-US"},{"@type":"Organization","@id":"https:\/\/hello.bimmerle.de\/en\/#organization","name":"Bimmerle KG","url":"https:\/\/hello.bimmerle.de\/en\/","logo":{"@type":"ImageObject","inLanguage":"en-US","@id":"https:\/\/hello.bimmerle.de\/en\/#\/schema\/logo\/image\/","url":"https:\/\/hello.bimmerle.de\/wp-content\/uploads\/2024\/01\/bimmerle-private-distillery_logo.svg","contentUrl":"https:\/\/hello.bimmerle.de\/wp-content\/uploads\/2024\/01\/bimmerle-private-distillery_logo.svg","width":"1024","height":"1024","caption":"Bimmerle KG"},"image":{"@id":"https:\/\/hello.bimmerle.de\/en\/#\/schema\/logo\/image\/"},"sameAs":["https:\/\/www.instagram.com\/bimmerle.private.distillery\/","https:\/\/de.linkedin.com\/company\/bimmerle-kg"]}]}},"_links":{"self":[{"href":"https:\/\/hello.bimmerle.de\/en\/wp-json\/wp\/v2\/pages\/1936","targetHints":{"allow":["GET"]}}],"collection":[{"href":"https:\/\/hello.bimmerle.de\/en\/wp-json\/wp\/v2\/pages"}],"about":[{"href":"https:\/\/hello.bimmerle.de\/en\/wp-json\/wp\/v2\/types\/page"}],"author":[{"embeddable":true,"href":"https:\/\/hello.bimmerle.de\/en\/wp-json\/wp\/v2\/users\/1"}],"replies":[{"embeddable":true,"href":"https:\/\/hello.bimmerle.de\/en\/wp-json\/wp\/v2\/comments?post=1936"}],"version-history":[{"count":9,"href":"https:\/\/hello.bimmerle.de\/en\/wp-json\/wp\/v2\/pages\/1936\/revisions"}],"predecessor-version":[{"id":20212,"href":"https:\/\/hello.bimmerle.de\/en\/wp-json\/wp\/v2\/pages\/1936\/revisions\/20212"}],"wp:featuredmedia":[{"embeddable":true,"href":"https:\/\/hello.bimmerle.de\/en\/wp-json\/wp\/v2\/media\/1655"}],"wp:attachment":[{"href":"https:\/\/hello.bimmerle.de\/en\/wp-json\/wp\/v2\/media?parent=1936"}],"curies":[{"name":"wp","href":"https:\/\/api.w.org\/{rel}","templated":true}]}}